{"id":164,"date":"2019-09-12T12:34:25","date_gmt":"2019-09-12T10:34:25","guid":{"rendered":"https:\/\/www.mazapanesbarroso.com\/blog\/area-profesional-copy\/"},"modified":"2021-09-20T10:03:30","modified_gmt":"2021-09-20T08:03:30","slug":"contacto","status":"publish","type":"page","link":"https:\/\/www.mazapanesbarroso.com\/blog\/contacto\/","title":{"rendered":"Contacto"},"content":{"rendered":"<section class=\"l-section wpb_row height_large with_img parallax_ver with_overlay\" style=\"margin-top: 1.5rem !important;\"><div class=\"l-section-img\" style=\"background-image: url(https:\/\/www.mazapanesbarroso.com\/blog\/wp-content\/uploads\/2019\/10\/Logotipo-Barroso.jpg);background-position: top center;background-repeat: no-repeat;\" data-img-width=\"2756\" data-img-height=\"1890\"><\/div><div class=\"l-section-overlay\" style=\"background: rgba(255,255,255,0.9)\"><\/div><div class=\"l-section-h i-cf\" style=\"padding-top: 1.5rem !important;padding-bottom: 1rem !important;\"><div class=\"g-cols vc_row type_default valign_top\"><div class=\"vc_col-sm-12 wpb_column vc_column_container\"><div class=\"vc_column-inner\"><div class=\"wpb_wrapper\">\r\n\t<div class=\"wpb_text_column  vc_custom_1571140446615\">\r\n\t\t<div class=\"wpb_wrapper\">\r\n\t\t\t<h2 style=\"text-align: center;\"><span style=\"color: #000000;\"><strong>CONTACTA CON NOSOTROS<\/strong><\/span><\/h2>\n\r\n\t\t<\/div>\r\n\t<\/div>\r\n<div class=\"g-cols wpb_row  type_default valign_top vc_inner \"><div class=\"vc_col-sm-1 wpb_column vc_column_container\"><div class=\"vc_column-inner\"><div class=\"wpb_wrapper\"><\/div><\/div><\/div><div class=\"vc_col-sm-6 wpb_column vc_column_container\" style=\"color:#000000;\"><div class=\"vc_column-inner color_custom\"><div class=\"wpb_wrapper\">\r\n\t<div class=\"wpb_text_column  vc_custom_1571136572450\">\r\n\t\t<div class=\"wpb_wrapper\">\r\n\t\t\t<h2 style=\"text-align: left;\"><span style=\"color: #000000;\"><strong>DIRECCI\u00d3N<\/strong><\/span><\/h2>\n<hr \/>\n\r\n\t\t<\/div>\r\n\t<\/div>\r\n\r\n\t<div class=\"wpb_text_column  vc_custom_1632125008277\">\r\n\t\t<div class=\"wpb_wrapper\">\r\n\t\t\t<div style=\"font-size: 26px;\">\n<p style=\"text-align: left;\"><span style=\"color: #000000;\">Carretera de Madrid \u2013 Toledo A-42 Km 63<\/span><\/p>\n<p style=\"text-align: left;\"><span style=\"color: #000000;\">45280 Ol\u00edas del Rey &#8211; Toledo<br \/>\n<\/span><\/p>\n<p style=\"text-align: left;\"><span style=\"color: #000000;\"><span style=\"color: #000000;\"><span style=\"font-size: 26px;\">Telf.<\/span><\/span>: 925 35 31 49<\/span><\/p>\n<p style=\"font-size: 26px;\"><a class=\"email-peque\" style=\"color: #000000; font-weight: bold;\" href=\"mailto:pedidos@mazapanesbarroso.com\">pedidos@mazapanesbarroso.com<\/a><\/p>\n<\/div>\n<p>&nbsp;<\/p>\n<h6>Para la resoluci\u00f3n de litigios en l\u00ednea en materia de consumo:<br \/>\n<a href=\"https:\/\/ec.europa.eu\/consumers\/odr\/main\/?event=main.complaints.screenphase\" target=\"_blank\" rel=\"noopener\">https:\/\/ec.europa.eu\/consumers\/odr\/main\/?event=main.complaints.screenphase<\/a><\/h6>\n\r\n\t\t<\/div>\r\n\t<\/div>\r\n<\/div><\/div><\/div><div class=\"vc_col-sm-3 wpb_column vc_column_container has-fill\"><div class=\"vc_column-inner  vc_custom_1571136485844\"><div class=\"wpb_wrapper\"><div role=\"form\" class=\"wpcf7\" id=\"wpcf7-f130-o1\" lang=\"es-ES\" dir=\"ltr\">\n<div class=\"screen-reader-response\"><p role=\"status\" aria-live=\"polite\" aria-atomic=\"true\"><\/p> <ul><\/ul><\/div>\n<form action=\"\/blog\/wp-json\/wp\/v2\/pages\/164#wpcf7-f130-o1\" method=\"post\" class=\"wpcf7-form init\" novalidate=\"novalidate\" data-status=\"init\">\n<div style=\"display: none;\">\n<input type=\"hidden\" name=\"_wpcf7\" value=\"130\" \/>\n<input type=\"hidden\" name=\"_wpcf7_version\" value=\"5.4.2\" \/>\n<input type=\"hidden\" name=\"_wpcf7_locale\" value=\"es_ES\" \/>\n<input type=\"hidden\" name=\"_wpcf7_unit_tag\" value=\"wpcf7-f130-o1\" \/>\n<input type=\"hidden\" name=\"_wpcf7_container_post\" value=\"0\" \/>\n<input type=\"hidden\" name=\"_wpcf7_posted_data_hash\" value=\"\" \/>\n<\/div>\n<p><span class=\"wpcf7-form-control-wrap your-name\"><input type=\"text\" name=\"your-name\" value=\"\" size=\"40\" class=\"wpcf7-form-control wpcf7-text wpcf7-validates-as-required\" aria-required=\"true\" aria-invalid=\"false\" placeholder=\"Nombre\" \/><\/span><\/p>\n<p><span class=\"wpcf7-form-control-wrap your-email\"><input type=\"email\" name=\"your-email\" value=\"\" size=\"40\" class=\"wpcf7-form-control wpcf7-text wpcf7-email wpcf7-validates-as-required wpcf7-validates-as-email\" aria-required=\"true\" aria-invalid=\"false\" placeholder=\"Email (Obligatorio)\" \/><\/span><\/p>\n<p><span class=\"wpcf7-form-control-wrap your-mobile\"><input type=\"tel\" name=\"your-mobile\" value=\"\" size=\"40\" class=\"wpcf7-form-control wpcf7-text wpcf7-tel wpcf7-validates-as-required wpcf7-validates-as-tel\" aria-required=\"true\" aria-invalid=\"false\" placeholder=\"Tel\u00e9fono (Obligatorio)\" \/><\/span> <\/p>\n<p><span class=\"wpcf7-form-control-wrap your-message\"><textarea name=\"your-message\" cols=\"40\" rows=\"10\" class=\"wpcf7-form-control wpcf7-textarea\" aria-invalid=\"false\" placeholder=\"Escribenos una descripci\u00f3n de t\u00fa consulta aqu\u00ed.\"><\/textarea><\/span> <\/label><\/p>\n<p><span class=\"wpcf7-form-control-wrap checkbox-maza\"><span class=\"wpcf7-form-control wpcf7-checkbox wpcf7-validates-as-required\"><span class=\"wpcf7-list-item first last\"><input type=\"checkbox\" name=\"checkbox-maza[]\" value=\"\" \/><span class=\"wpcf7-list-item-label\"><\/span><\/span><\/span><\/span><span><a class=\"terminos-link\" href=\"https:\/\/www.mazapanesbarroso.com\/blog\/aviso-legal\/\">Acepto los T\u00e9rminos y Condiciones<\/a><\/span><br \/>\n<span id=\"wpcf7-69f500109ff88-wrapper\" class=\"wpcf7-form-control-wrap honeypot-189-wrap\" style=\"display:none !important; visibility:hidden !important;\"><label for=\"wpcf7-69f500109ff88-field\" class=\"hp-message\">Por favor, deja este campo vac\u00edo.<\/label><input id=\"wpcf7-69f500109ff88-field\"  class=\"wpcf7-form-control wpcf7-text\" type=\"text\" name=\"honeypot-189\" value=\"\" size=\"40\" tabindex=\"-1\" autocomplete=\"new-password\" \/><\/span><br \/>\n<div id=\"cf7sr-69f50010a0012\" class=\"cf7sr-g-recaptcha\" data-sitekey=\"6LeQtAAVAAAAAN8KmB1t24Vv16XTK2D15Guc0GmE\"><\/div><span class=\"wpcf7-form-control-wrap cf7sr-recaptcha\"><input type=\"hidden\" name=\"cf7sr-recaptcha\" value=\"\" class=\"wpcf7-form-control\"><\/span><br \/>\n<input type=\"submit\" value=\"Enviar\" class=\"wpcf7-form-control wpcf7-submit\" \/><\/p>\n<div class=\"wpcf7-response-output\" aria-hidden=\"true\"><\/div><\/form><\/div><\/div><\/div><\/div><div class=\"vc_col-sm-2 wpb_column vc_column_container\"><div class=\"vc_column-inner\"><div class=\"wpb_wrapper\"><\/div><\/div><\/div><\/div><\/div><\/div><\/div><\/div><\/div><\/section><section class=\"l-section wpb_row height_medium width_full color_custom\" style=\"background: rgba(248,236,215,0.64);margin-bottom: 0px !important;\"><div class=\"l-section-h i-cf\" style=\"padding-bottom: 3rem !important;\"><div class=\"g-cols vc_row type_default valign_top\"><div class=\"vc_col-sm-12 wpb_column vc_column_container\"><div class=\"vc_column-inner\"><div class=\"wpb_wrapper\"><div class=\"g-cols wpb_row  type_default valign_top vc_inner  vc_custom_1568214345474\"><div class=\"vc_col-sm-12 wpb_column vc_column_container\"><div class=\"vc_column-inner\"><div class=\"wpb_wrapper\">\r\n\t<div class=\"wpb_text_column \">\r\n\t\t<div class=\"wpb_wrapper\">\r\n\t\t\t<h2 style=\"text-align: center;\"><span style=\"color: #333333;\"><strong>\u00bfD\u00d3NDE ESTAMOS?<\/strong><\/span><\/h2>\n\r\n\t\t<\/div>\r\n\t<\/div>\r\n<\/div><\/div><\/div><\/div><\/div><\/div><\/div><\/div><\/div><\/section><section class=\"l-section wpb_row height_medium width_full\" style=\"margin-top: 0px !important;margin-bottom: 0px !important;\"><div class=\"l-section-h i-cf\" style=\"padding-top: 0px !important;padding-bottom: 0px !important;\"><div class=\"g-cols vc_row type_default valign_top\"><div class=\"vc_col-sm-12 wpb_column vc_column_container\"><div class=\"vc_column-inner  vc_custom_1568214395096\"><div class=\"wpb_wrapper\">[vc_raw_html css=&#8221;.vc_custom_1571317761506{margin-bottom: 0px !important;padding-bottom: 0px !important;}&#8221;]JTNDaWZyYW1lJTIwc3JjJTNEJTIyaHR0cHMlM0ElMkYlMkZ3d3cuZ29vZ2xlLmNvbSUyRm1hcHMlMkZlbWJlZCUzRnBiJTNEJTIxMW0xNCUyMTFtOCUyMTFtMyUyMTFkMzA2MC4yNTEzNDQ5NTg1MDElMjEyZC00LjAxMjg3MTglMjEzZDM5LjkxMzM5MTElMjEzbTIlMjExaTEwMjQlMjEyaTc2OCUyMTRmMTMuMSUyMTNtMyUyMTFtMiUyMTFzMHgwJTI1M0EweDhhNzM0NWM0YTU1NzgyOWMlMjEyc01hemFwYW5lcyUyNTIwQmFycm9zbyUyMTVlMCUyMTNtMiUyMTFzZXMlMjEyc2VzJTIxNHYxNTcxMjIyNjAyNjY1JTIxNW0yJTIxMXNlcyUyMTJzZXMlMjIlMjB3aWR0aCUzRCUyMjE5MjAlMjIlMjBoZWlnaHQlM0QlMjI0NTAlMjIlMjBmcmFtZWJvcmRlciUzRCUyMjAlMjIlMjBzdHlsZSUzRCUyMmJvcmRlciUzQTAlM0IlMjIlMjBhbGxvd2Z1bGxzY3JlZW4lM0QlMjIlMjIlM0UlM0MlMkZpZnJhbWUlM0U=[\/vc_raw_html]<\/div><\/div><\/div><\/div><\/div><\/section>\n","protected":false},"excerpt":{"rendered":"CONTACTA CON NOSOTROS DIRECCI\u00d3N Carretera de Madrid \u2013 Toledo A-42 Km 63 45280 Ol\u00edas del Rey &#8211; Toledo Telf.: 925 35 31 49 pedidos@mazapanesbarroso.com &nbsp; Para la resoluci\u00f3n de litigios en l\u00ednea en materia de consumo: https:\/\/ec.europa.eu\/consumers\/odr\/main\/?event=main.complaints.screenphase Acepto los T\u00e9rminos y Condiciones Por favor, deja este campo vac\u00edo. \u00bfD\u00d3NDE ESTAMOS? [vc_raw_html css=\".vc_custom_1571317761506{margin-bottom: 0px !important;padding-bottom: 0px...","protected":false},"author":1,"featured_media":0,"parent":0,"menu_order":0,"comment_status":"closed","ping_status":"closed","template":"","meta":[],"yoast_head":"<!-- This site is optimized with the Yoast SEO plugin v17.1 - https:\/\/yoast.com\/wordpress\/plugins\/seo\/ -->\n<title>Contacto | Contacta con nosotros - Mazapanes Barroso<\/title>\n<meta name=\"description\" content=\"Si tienes cualquier problema o duda y quieres ponerte en contacto con nosotros, rellena los siguientes datos para que podamos recibir tu comentario.\" \/>\n<meta name=\"robots\" content=\"index, follow, max-snippet:-1, max-image-preview:large, max-video-preview:-1\" \/>\n<link rel=\"canonical\" href=\"https:\/\/www.mazapanesbarroso.com\/blog\/contacto\/\" \/>\n<meta property=\"og:locale\" content=\"es_ES\" \/>\n<meta property=\"og:type\" content=\"article\" \/>\n<meta property=\"og:title\" content=\"Contacto | Contacta con nosotros - Mazapanes Barroso\" \/>\n<meta property=\"og:description\" content=\"Si tienes cualquier problema o duda y quieres ponerte en contacto con nosotros, rellena los siguientes datos para que podamos recibir tu comentario.\" \/>\n<meta property=\"og:url\" content=\"https:\/\/www.mazapanesbarroso.com\/blog\/contacto\/\" \/>\n<meta property=\"og:site_name\" content=\"Mazapanes Barroso\" \/>\n<meta property=\"article:modified_time\" content=\"2021-09-20T08:03:30+00:00\" \/>\n<meta name=\"twitter:card\" content=\"summary_large_image\" \/>\n<meta name=\"twitter:label1\" content=\"Tiempo de lectura\" \/>\n\t<meta name=\"twitter:data1\" content=\"1 minuto\" \/>\n<script type=\"application\/ld+json\" class=\"yoast-schema-graph\">{\"@context\":\"https:\/\/schema.org\",\"@graph\":[{\"@type\":\"WebSite\",\"@id\":\"https:\/\/www.mazapanesbarroso.com\/blog\/#website\",\"url\":\"https:\/\/www.mazapanesbarroso.com\/blog\/\",\"name\":\"Mazapanes Barroso\",\"description\":\"Venta de Mazapanes al por mayor\",\"potentialAction\":[{\"@type\":\"SearchAction\",\"target\":{\"@type\":\"EntryPoint\",\"urlTemplate\":\"https:\/\/www.mazapanesbarroso.com\/blog\/?s={search_term_string}\"},\"query-input\":\"required name=search_term_string\"}],\"inLanguage\":\"es\"},{\"@type\":\"WebPage\",\"@id\":\"https:\/\/www.mazapanesbarroso.com\/blog\/contacto\/#webpage\",\"url\":\"https:\/\/www.mazapanesbarroso.com\/blog\/contacto\/\",\"name\":\"Contacto | Contacta con nosotros - Mazapanes Barroso\",\"isPartOf\":{\"@id\":\"https:\/\/www.mazapanesbarroso.com\/blog\/#website\"},\"datePublished\":\"2019-09-12T10:34:25+00:00\",\"dateModified\":\"2021-09-20T08:03:30+00:00\",\"description\":\"Si tienes cualquier problema o duda y quieres ponerte en contacto con nosotros, rellena los siguientes datos para que podamos recibir tu comentario.\",\"breadcrumb\":{\"@id\":\"https:\/\/www.mazapanesbarroso.com\/blog\/contacto\/#breadcrumb\"},\"inLanguage\":\"es\",\"potentialAction\":[{\"@type\":\"ReadAction\",\"target\":[\"https:\/\/www.mazapanesbarroso.com\/blog\/contacto\/\"]}]},{\"@type\":\"BreadcrumbList\",\"@id\":\"https:\/\/www.mazapanesbarroso.com\/blog\/contacto\/#breadcrumb\",\"itemListElement\":[{\"@type\":\"ListItem\",\"position\":1,\"name\":\"Portada\",\"item\":\"https:\/\/www.mazapanesbarroso.com\/blog\/\"},{\"@type\":\"ListItem\",\"position\":2,\"name\":\"Contacto\"}]}]}<\/script>\n<!-- \/ Yoast SEO plugin. -->","yoast_head_json":{"title":"Contacto | Contacta con nosotros - Mazapanes Barroso","description":"Si tienes cualquier problema o duda y quieres ponerte en contacto con nosotros, rellena los siguientes datos para que podamos recibir tu comentario.","robots":{"index":"index","follow":"follow","max-snippet":"max-snippet:-1","max-image-preview":"max-image-preview:large","max-video-preview":"max-video-preview:-1"},"canonical":"https:\/\/www.mazapanesbarroso.com\/blog\/contacto\/","og_locale":"es_ES","og_type":"article","og_title":"Contacto | Contacta con nosotros - Mazapanes Barroso","og_description":"Si tienes cualquier problema o duda y quieres ponerte en contacto con nosotros, rellena los siguientes datos para que podamos recibir tu comentario.","og_url":"https:\/\/www.mazapanesbarroso.com\/blog\/contacto\/","og_site_name":"Mazapanes Barroso","article_modified_time":"2021-09-20T08:03:30+00:00","twitter_card":"summary_large_image","twitter_misc":{"Tiempo de lectura":"1 minuto"},"schema":{"@context":"https:\/\/schema.org","@graph":[{"@type":"WebSite","@id":"https:\/\/www.mazapanesbarroso.com\/blog\/#website","url":"https:\/\/www.mazapanesbarroso.com\/blog\/","name":"Mazapanes Barroso","description":"Venta de Mazapanes al por mayor","potentialAction":[{"@type":"SearchAction","target":{"@type":"EntryPoint","urlTemplate":"https:\/\/www.mazapanesbarroso.com\/blog\/?s={search_term_string}"},"query-input":"required name=search_term_string"}],"inLanguage":"es"},{"@type":"WebPage","@id":"https:\/\/www.mazapanesbarroso.com\/blog\/contacto\/#webpage","url":"https:\/\/www.mazapanesbarroso.com\/blog\/contacto\/","name":"Contacto | Contacta con nosotros - Mazapanes Barroso","isPartOf":{"@id":"https:\/\/www.mazapanesbarroso.com\/blog\/#website"},"datePublished":"2019-09-12T10:34:25+00:00","dateModified":"2021-09-20T08:03:30+00:00","description":"Si tienes cualquier problema o duda y quieres ponerte en contacto con nosotros, rellena los siguientes datos para que podamos recibir tu comentario.","breadcrumb":{"@id":"https:\/\/www.mazapanesbarroso.com\/blog\/contacto\/#breadcrumb"},"inLanguage":"es","potentialAction":[{"@type":"ReadAction","target":["https:\/\/www.mazapanesbarroso.com\/blog\/contacto\/"]}]},{"@type":"BreadcrumbList","@id":"https:\/\/www.mazapanesbarroso.com\/blog\/contacto\/#breadcrumb","itemListElement":[{"@type":"ListItem","position":1,"name":"Portada","item":"https:\/\/www.mazapanesbarroso.com\/blog\/"},{"@type":"ListItem","position":2,"name":"Contacto"}]}]}},"_links":{"self":[{"href":"https:\/\/www.mazapanesbarroso.com\/blog\/wp-json\/wp\/v2\/pages\/164"}],"collection":[{"href":"https:\/\/www.mazapanesbarroso.com\/blog\/wp-json\/wp\/v2\/pages"}],"about":[{"href":"https:\/\/www.mazapanesbarroso.com\/blog\/wp-json\/wp\/v2\/types\/page"}],"author":[{"embeddable":true,"href":"https:\/\/www.mazapanesbarroso.com\/blog\/wp-json\/wp\/v2\/users\/1"}],"replies":[{"embeddable":true,"href":"https:\/\/www.mazapanesbarroso.com\/blog\/wp-json\/wp\/v2\/comments?post=164"}],"version-history":[{"count":19,"href":"https:\/\/www.mazapanesbarroso.com\/blog\/wp-json\/wp\/v2\/pages\/164\/revisions"}],"predecessor-version":[{"id":1548,"href":"https:\/\/www.mazapanesbarroso.com\/blog\/wp-json\/wp\/v2\/pages\/164\/revisions\/1548"}],"wp:attachment":[{"href":"https:\/\/www.mazapanesbarroso.com\/blog\/wp-json\/wp\/v2\/media?parent=164"}],"curies":[{"name":"wp","href":"https:\/\/api.w.org\/{rel}","templated":true}]}}