{"id":19,"date":"2019-09-02T10:20:50","date_gmt":"2019-09-02T08:20:50","guid":{"rendered":"https:\/\/www.mazapanesbarroso.com\/blog\/?page_id=19"},"modified":"2019-10-30T14:55:28","modified_gmt":"2019-10-30T13:55:28","slug":"mazapanes-artesanales-por-mayor","status":"publish","type":"page","link":"https:\/\/www.mazapanesbarroso.com\/blog\/mazapanes-artesanales-por-mayor\/","title":{"rendered":"Area Profesional"},"content":{"rendered":"<section class=\"l-section wpb_row height_full valign_top with_img with_overlay\"><div class=\"l-section-img\" style=\"background-image: url(https:\/\/www.mazapanesbarroso.com\/blog\/wp-content\/uploads\/2019\/09\/mazapan-a-granel.png);background-position: top center;\" data-img-width=\"1920\" data-img-height=\"1440\"><\/div><div class=\"l-section-overlay\" style=\"background: rgba(198,198,198,0.2)\"><\/div><div class=\"l-section-h i-cf\"><div class=\"g-cols vc_row type_default valign_top\"><div class=\"vc_col-sm-12 wpb_column vc_column_container\"><div class=\"vc_column-inner\"><div class=\"wpb_wrapper\"><div class=\"g-cols wpb_row  type_default valign_top vc_inner \"><div class=\"vc_col-sm-7 wpb_column vc_column_container\"><div class=\"vc_column-inner  vc_custom_1571318702535\"><div class=\"wpb_wrapper\">\r\n\t<div class=\"wpb_text_column  vc_custom_1571840772665\">\r\n\t\t<div class=\"wpb_wrapper\">\r\n\t\t\t<h1 style=\"text-align: center; font-family: Algerian;\"><span style=\"color: #ffffff;\"><strong>Venta de Mazapanes Artesanales para Empresa<\/strong><\/span><\/h1>\n\r\n\t\t<\/div>\r\n\t<\/div>\r\n\r\n\t<div class=\"wpb_text_column  vc_custom_1572443671674\">\r\n\t\t<div class=\"wpb_wrapper\">\r\n\t\t\t<h2 style=\"text-align: center; font-family: Lobster, Sans; font-size: 2.2rem;\"><strong><em><span style=\"color: #1a1a1a;\">&#8220;Maestros Artesanos desde hace m\u00e1s de un siglo&#8221;<\/span><\/em><\/strong><\/h2>\n\r\n\t\t<\/div>\r\n\t<\/div>\r\n<\/div><\/div><\/div><div class=\"vc_col-sm-3 wpb_column vc_column_container has-fill\" style=\"color:#000000;\"><div class=\"vc_column-inner  vc_custom_1568044078855 color_custom\"><div class=\"wpb_wrapper\"><div role=\"form\" class=\"wpcf7\" id=\"wpcf7-f435-o1\" lang=\"es-ES\" dir=\"ltr\">\n<div class=\"screen-reader-response\"><p role=\"status\" aria-live=\"polite\" aria-atomic=\"true\"><\/p> <ul><\/ul><\/div>\n<form action=\"\/blog\/wp-json\/wp\/v2\/pages\/19#wpcf7-f435-o1\" method=\"post\" class=\"wpcf7-form init\" novalidate=\"novalidate\" data-status=\"init\">\n<div style=\"display: none;\">\n<input type=\"hidden\" name=\"_wpcf7\" value=\"435\" \/>\n<input type=\"hidden\" name=\"_wpcf7_version\" value=\"5.4.2\" \/>\n<input type=\"hidden\" name=\"_wpcf7_locale\" value=\"es_ES\" \/>\n<input type=\"hidden\" name=\"_wpcf7_unit_tag\" value=\"wpcf7-f435-o1\" \/>\n<input type=\"hidden\" name=\"_wpcf7_container_post\" value=\"0\" \/>\n<input type=\"hidden\" name=\"_wpcf7_posted_data_hash\" value=\"\" \/>\n<\/div>\n<p><span class=\"wpcf7-form-control-wrap your-name\"><input type=\"text\" name=\"your-name\" value=\"\" size=\"40\" class=\"wpcf7-form-control wpcf7-text wpcf7-validates-as-required\" aria-required=\"true\" aria-invalid=\"false\" placeholder=\"Nombre\" \/><\/span><\/p>\n<p><span class=\"wpcf7-form-control-wrap your-email\"><input type=\"email\" name=\"your-email\" value=\"\" size=\"40\" class=\"wpcf7-form-control wpcf7-text wpcf7-email wpcf7-validates-as-required wpcf7-validates-as-email\" aria-required=\"true\" aria-invalid=\"false\" placeholder=\"Email (Obligatorio)\" \/><\/span><\/p>\n<p><span class=\"wpcf7-form-control-wrap your-mobile\"><input type=\"tel\" name=\"your-mobile\" value=\"\" size=\"40\" class=\"wpcf7-form-control wpcf7-text wpcf7-tel wpcf7-validates-as-required wpcf7-validates-as-tel\" aria-required=\"true\" aria-invalid=\"false\" placeholder=\"Tel\u00e9fono (Obligatorio)\" \/><\/span> <\/p>\n<p><span class=\"wpcf7-form-control-wrap your-message\"><textarea name=\"your-message\" cols=\"40\" rows=\"10\" class=\"wpcf7-form-control wpcf7-textarea\" aria-invalid=\"false\" placeholder=\"Escribenos una descripci\u00f3n de t\u00fa consulta aqu\u00ed.\"><\/textarea><\/span> <\/label><\/p>\n<p><span class=\"wpcf7-form-control-wrap checkbox-maza\"><span class=\"wpcf7-form-control wpcf7-checkbox wpcf7-validates-as-required\"><span class=\"wpcf7-list-item first last\"><input type=\"checkbox\" name=\"checkbox-maza[]\" value=\"\" \/><span class=\"wpcf7-list-item-label\"><\/span><\/span><\/span><\/span><span><a class=\"terminos-link\" href=\"https:\/\/www.mazapanesbarroso.com\/blog\/aviso-legal\/\">Acepto los T\u00e9rminos y Condiciones<\/a><\/span><br \/>\n<span id=\"wpcf7-69e34d8b33a9d-wrapper\" class=\"wpcf7-form-control-wrap honeypot-456-wrap\" style=\"display:none !important; visibility:hidden !important;\"><label for=\"wpcf7-69e34d8b33a9d-field\" class=\"hp-message\">Por favor, deja este campo vac\u00edo.<\/label><input id=\"wpcf7-69e34d8b33a9d-field\"  class=\"wpcf7-form-control wpcf7-text\" type=\"text\" name=\"honeypot-456\" value=\"\" size=\"40\" tabindex=\"-1\" autocomplete=\"new-password\" \/><\/span><br \/>\n<div id=\"cf7sr-69e34d8b33c21\" class=\"cf7sr-g-recaptcha\" data-sitekey=\"6LeQtAAVAAAAAN8KmB1t24Vv16XTK2D15Guc0GmE\"><\/div><span class=\"wpcf7-form-control-wrap cf7sr-recaptcha\"><input type=\"hidden\" name=\"cf7sr-recaptcha\" value=\"\" class=\"wpcf7-form-control\"><\/span><br \/>\n<input type=\"submit\" value=\"Enviar\" class=\"wpcf7-form-control wpcf7-submit\" \/><\/p>\n<div class=\"wpcf7-response-output\" aria-hidden=\"true\"><\/div><\/form><\/div><\/div><\/div><\/div><div class=\"vc_col-sm-2 wpb_column vc_column_container\"><div class=\"vc_column-inner\"><div class=\"wpb_wrapper\"><\/div><\/div><\/div><\/div><\/div><\/div><\/div><\/div><\/div><\/section><section class=\"l-section wpb_row height_medium with_overlay\"><div class=\"l-section-overlay\" style=\"background: #ffffff\"><\/div><div class=\"l-section-h i-cf\"><div class=\"g-cols vc_row type_default valign_top\"><div class=\"vc_col-sm-12 wpb_column vc_column_container\"><div class=\"vc_column-inner\"><div class=\"wpb_wrapper\"><div class=\"g-cols wpb_row  type_default valign_top vc_inner \"><div class=\"vc_col-sm-12 wpb_column vc_column_container\"><div class=\"vc_column-inner\"><div class=\"wpb_wrapper\">\r\n\t<div class=\"wpb_text_column  vc_custom_1569334483278\">\r\n\t\t<div class=\"wpb_wrapper\">\r\n\t\t\t<h1 style=\"text-align: center;\">Nuestros clientes<\/h1>\n\r\n\t\t<\/div>\r\n\t<\/div>\r\n<\/div><\/div><\/div><\/div><div class=\"g-cols wpb_row  type_default valign_top vc_inner \"><div class=\"vc_col-sm-4 wpb_column vc_column_container\"><div class=\"vc_column-inner\"><div class=\"wpb_wrapper\"><div class=\"w-image style_circle align_center animate_afl vc_custom_1568209996187\"><div class=\"w-image-h\"><img width=\"300\" height=\"300\" src=\"https:\/\/www.mazapanesbarroso.com\/blog\/wp-content\/uploads\/2019\/09\/gourmet-mazapanes-barroso-300x300.png\" class=\"attachment-medium size-medium\" alt=\"mazapanes barroso venta gourmet\" loading=\"lazy\" srcset=\"https:\/\/www.mazapanesbarroso.com\/blog\/wp-content\/uploads\/2019\/09\/gourmet-mazapanes-barroso-300x300.png 300w, https:\/\/www.mazapanesbarroso.com\/blog\/wp-content\/uploads\/2019\/09\/gourmet-mazapanes-barroso-150x150.png 150w, https:\/\/www.mazapanesbarroso.com\/blog\/wp-content\/uploads\/2019\/09\/gourmet-mazapanes-barroso.png 600w, https:\/\/www.mazapanesbarroso.com\/blog\/wp-content\/uploads\/2019\/09\/gourmet-mazapanes-barroso-350x350.png 350w\" sizes=\"(max-width: 300px) 100vw, 300px\" \/><\/div><\/div>\r\n\t<div class=\"wpb_text_column \">\r\n\t\t<div class=\"wpb_wrapper\">\r\n\t\t\t<h2 style=\"text-align: center;\">Tiendas Gourmet<\/h2>\n<hr \/>\n\r\n\t\t<\/div>\r\n\t<\/div>\r\n<\/div><\/div><\/div><div class=\"vc_col-sm-4 wpb_column vc_column_container\"><div class=\"vc_column-inner\"><div class=\"wpb_wrapper\"><div class=\"w-image style_circle align_center animate_afc vc_custom_1568210138822\"><div class=\"w-image-h\"><img width=\"300\" height=\"300\" src=\"https:\/\/www.mazapanesbarroso.com\/blog\/wp-content\/uploads\/2019\/09\/restaurante-mazapanes-barroso-300x300.png\" class=\"attachment-medium size-medium\" alt=\"mazapanes barroso venta a restaurantes\" loading=\"lazy\" srcset=\"https:\/\/www.mazapanesbarroso.com\/blog\/wp-content\/uploads\/2019\/09\/restaurante-mazapanes-barroso-300x300.png 300w, https:\/\/www.mazapanesbarroso.com\/blog\/wp-content\/uploads\/2019\/09\/restaurante-mazapanes-barroso-150x150.png 150w, https:\/\/www.mazapanesbarroso.com\/blog\/wp-content\/uploads\/2019\/09\/restaurante-mazapanes-barroso.png 600w, https:\/\/www.mazapanesbarroso.com\/blog\/wp-content\/uploads\/2019\/09\/restaurante-mazapanes-barroso-350x350.png 350w\" sizes=\"(max-width: 300px) 100vw, 300px\" \/><\/div><\/div>\r\n\t<div class=\"wpb_text_column \">\r\n\t\t<div class=\"wpb_wrapper\">\r\n\t\t\t<h2 style=\"text-align: center;\">Restaurantes<\/h2>\n<hr \/>\n\r\n\t\t<\/div>\r\n\t<\/div>\r\n<\/div><\/div><\/div><div class=\"vc_col-sm-4 wpb_column vc_column_container\"><div class=\"vc_column-inner\"><div class=\"wpb_wrapper\"><div class=\"w-image style_circle align_center animate_afr vc_custom_1568210145360\"><div class=\"w-image-h\"><img width=\"300\" height=\"300\" src=\"https:\/\/www.mazapanesbarroso.com\/blog\/wp-content\/uploads\/2019\/09\/bakery-mazapanes-300x300.png\" class=\"attachment-medium size-medium\" alt=\"\" loading=\"lazy\" srcset=\"https:\/\/www.mazapanesbarroso.com\/blog\/wp-content\/uploads\/2019\/09\/bakery-mazapanes-300x300.png 300w, https:\/\/www.mazapanesbarroso.com\/blog\/wp-content\/uploads\/2019\/09\/bakery-mazapanes-150x150.png 150w, https:\/\/www.mazapanesbarroso.com\/blog\/wp-content\/uploads\/2019\/09\/bakery-mazapanes.png 600w, https:\/\/www.mazapanesbarroso.com\/blog\/wp-content\/uploads\/2019\/09\/bakery-mazapanes-350x350.png 350w\" sizes=\"(max-width: 300px) 100vw, 300px\" \/><\/div><\/div>\r\n\t<div class=\"wpb_text_column \">\r\n\t\t<div class=\"wpb_wrapper\">\r\n\t\t\t<h2 style=\"text-align: center;\">Panader\u00edas<\/h2>\n<hr \/>\n\r\n\t\t<\/div>\r\n\t<\/div>\r\n<\/div><\/div><\/div><\/div><\/div><\/div><\/div><\/div><\/div><\/section><section class=\"l-section wpb_row height_medium\" style=\"margin-bottom: 0px !important;\"><div class=\"l-section-h i-cf\"><div class=\"g-cols vc_row type_default valign_top\"><div class=\"vc_col-sm-6 wpb_column vc_column_container\"><div class=\"vc_column-inner\"><div class=\"wpb_wrapper\">\r\n\t<div class=\"wpb_text_column \">\r\n\t\t<div class=\"wpb_wrapper\">\r\n\t\t\t<h2><strong>Mazapanes artesanales personalizados<\/strong><\/h2>\n<p><strong><em>\u00bfQUIERES QUE TUS CLIENTES COMENTEN TU MAZAP\u00c1N?<\/em><\/strong><\/p>\n<p>Para unos clientes ser\u00e1 excepcionalmente bueno \u201cuna exquisitez\u201d, para otros ser\u00e1 como los dem\u00e1s pero para nosotros \u201cnuestro mazap\u00e1n\u201d, \u201cel de toda la vida\u201d, \u201cel de siempre\u201d\u2026 Para conseguirlo te ofrecemos nuestros productos \u2013mazap\u00e1n y dulces- elaborados con nuestra receta tradicional de hace siglos.<\/p>\n<p>Si lo desea p\u00f3ngase en contacto con nosotros, estaremos encantados de poder ayudarle en su tienda gourmet, restaurante,\u00a0 panader\u00eda o establecimiento y personalizar nuestros productos a sus necesidades.<\/p>\n<p>Para cualquier duda, \u00a0puede ponerse en contacto con nosotros a trav\u00e9s del formulario o llamando al tel\u00e9fono\u00a0925 35 31 49.<\/p>\n\r\n\t\t<\/div>\r\n\t<\/div>\r\n<div class=\"w-btn-wrapper width_auto align_center\"><a class=\"w-btn us-btn-style_1\" href=\"#\"><span class=\"w-btn-label\">Inf\u00f3rmate<\/span><\/a><\/div><\/div><\/div><\/div><div class=\"vc_col-sm-6 wpb_column vc_column_container\"><div class=\"vc_column-inner\"><div class=\"wpb_wrapper\"><div class=\"g-cols wpb_row  type_default valign_top vc_inner \"><div class=\"vc_col-sm-12 wpb_column vc_column_container\"><div class=\"vc_column-inner\"><div class=\"wpb_wrapper\"><div class=\"w-image align_none\"><div class=\"w-image-h\"><img width=\"1024\" height=\"768\" src=\"https:\/\/www.mazapanesbarroso.com\/blog\/wp-content\/uploads\/2019\/10\/IMG-20191003-WA0001-1024x768.jpg\" class=\"attachment-large size-large\" alt=\"mazapanes artesanales al por mayor\" loading=\"lazy\" srcset=\"https:\/\/www.mazapanesbarroso.com\/blog\/wp-content\/uploads\/2019\/10\/IMG-20191003-WA0001.jpg 1024w, https:\/\/www.mazapanesbarroso.com\/blog\/wp-content\/uploads\/2019\/10\/IMG-20191003-WA0001-300x225.jpg 300w, https:\/\/www.mazapanesbarroso.com\/blog\/wp-content\/uploads\/2019\/10\/IMG-20191003-WA0001-600x450.jpg 600w, https:\/\/www.mazapanesbarroso.com\/blog\/wp-content\/uploads\/2019\/10\/IMG-20191003-WA0001-350x263.jpg 350w\" sizes=\"(max-width: 1024px) 100vw, 1024px\" \/><\/div><\/div><\/div><\/div><\/div><\/div><\/div><\/div><\/div><\/div><\/div><\/section><section class=\"l-section wpb_row height_medium\" style=\"margin-bottom: 0px !important;\"><div class=\"l-section-h i-cf\" style=\"padding-bottom: 0px !important;\"><div class=\"g-cols vc_row type_default valign_top\"><div class=\"vc_col-sm-12 wpb_column vc_column_container\"><div class=\"vc_column-inner\"><div class=\"wpb_wrapper\"><div class=\"g-cols wpb_row  type_default valign_top vc_inner  vc_custom_1568214345474\"><div class=\"vc_col-sm-12 wpb_column vc_column_container\"><div class=\"vc_column-inner\"><div class=\"wpb_wrapper\">\r\n\t<div class=\"wpb_text_column \">\r\n\t\t<div class=\"wpb_wrapper\">\r\n\t\t\t<h2 style=\"text-align: center;\">\u00bfD\u00d3NDE ESTAMOS?<\/h2>\n\r\n\t\t<\/div>\r\n\t<\/div>\r\n<\/div><\/div><\/div><\/div><\/div><\/div><\/div><\/div><\/div><\/section><section class=\"l-section wpb_row height_medium width_full\" style=\"margin-bottom: 0px !important;\"><div class=\"l-section-h i-cf\" style=\"padding-bottom: 0px !important;\"><div class=\"g-cols vc_row type_default valign_top\"><div class=\"vc_col-sm-12 wpb_column vc_column_container\"><div class=\"vc_column-inner  vc_custom_1568214395096\"><div class=\"wpb_wrapper\">[vc_raw_html css=&#8221;.vc_custom_1571317927320{margin-bottom: 0px !important;padding-bottom: 0px !important;}&#8221;]JTNDaWZyYW1lJTIwc3JjJTNEJTIyaHR0cHMlM0ElMkYlMkZ3d3cuZ29vZ2xlLmNvbSUyRm1hcHMlMkZlbWJlZCUzRnBiJTNEJTIxMW0xNCUyMTFtOCUyMTFtMyUyMTFkMzA2MC4yNTEzNDQ5NTg1MDElMjEyZC00LjAxMjg3MTglMjEzZDM5LjkxMzM5MTElMjEzbTIlMjExaTEwMjQlMjEyaTc2OCUyMTRmMTMuMSUyMTNtMyUyMTFtMiUyMTFzMHgwJTI1M0EweDhhNzM0NWM0YTU1NzgyOWMlMjEyc01hemFwYW5lcyUyNTIwQmFycm9zbyUyMTVlMCUyMTNtMiUyMTFzZXMlMjEyc2VzJTIxNHYxNTcxMjIyNjAyNjY1JTIxNW0yJTIxMXNlcyUyMTJzZXMlMjIlMjB3aWR0aCUzRCUyMjE5MjAlMjIlMjBoZWlnaHQlM0QlMjI0NTAlMjIlMjBmcmFtZWJvcmRlciUzRCUyMjAlMjIlMjBzdHlsZSUzRCUyMmJvcmRlciUzQTAlM0IlMjIlMjBhbGxvd2Z1bGxzY3JlZW4lM0QlMjIlMjIlM0UlM0MlMkZpZnJhbWUlM0U=[\/vc_raw_html]<\/div><\/div><\/div><\/div><\/div><\/section>\n","protected":false},"excerpt":{"rendered":"Venta de Mazapanes Artesanales para Empresa &#8220;Maestros Artesanos desde hace m\u00e1s de un siglo&#8221; Acepto los T\u00e9rminos y Condiciones Por favor, deja este campo vac\u00edo. Nuestros clientes Tiendas Gourmet Restaurantes Panader\u00edas Mazapanes artesanales personalizados \u00bfQUIERES QUE TUS CLIENTES COMENTEN TU MAZAP\u00c1N? Para unos clientes ser\u00e1 excepcionalmente bueno \u201cuna exquisitez\u201d, para otros ser\u00e1 como los dem\u00e1s...","protected":false},"author":1,"featured_media":0,"parent":0,"menu_order":0,"comment_status":"closed","ping_status":"closed","template":"","meta":[],"yoast_head":"<!-- This site is optimized with the Yoast SEO plugin v17.1 - https:\/\/yoast.com\/wordpress\/plugins\/seo\/ -->\n<title>Mazapanes artesanales al por mayor | Mazapanes Barroso<\/title>\n<meta name=\"description\" content=\"Venta online de mazapanes artesanales al por mayor. Mazapanes artesanales Toledanos al mejor precio. Personalizaci\u00f3n personalizada del mazap\u00e1n\" \/>\n<meta name=\"robots\" content=\"index, follow, max-snippet:-1, max-image-preview:large, max-video-preview:-1\" \/>\n<link rel=\"canonical\" href=\"https:\/\/www.mazapanesbarroso.com\/blog\/mazapanes-artesanales-por-mayor\/\" \/>\n<meta property=\"og:locale\" content=\"es_ES\" \/>\n<meta property=\"og:type\" content=\"article\" \/>\n<meta property=\"og:title\" content=\"Mazapanes artesanales al por mayor | Mazapanes Barroso\" \/>\n<meta property=\"og:description\" content=\"Venta online de mazapanes artesanales al por mayor. Mazapanes artesanales Toledanos al mejor precio. Personalizaci\u00f3n personalizada del mazap\u00e1n\" \/>\n<meta property=\"og:url\" content=\"https:\/\/www.mazapanesbarroso.com\/blog\/mazapanes-artesanales-por-mayor\/\" \/>\n<meta property=\"og:site_name\" content=\"Mazapanes Barroso\" \/>\n<meta property=\"article:modified_time\" content=\"2019-10-30T13:55:28+00:00\" \/>\n<meta name=\"twitter:card\" content=\"summary_large_image\" \/>\n<meta name=\"twitter:label1\" content=\"Tiempo de lectura\" \/>\n\t<meta name=\"twitter:data1\" content=\"3 minutos\" \/>\n<script type=\"application\/ld+json\" class=\"yoast-schema-graph\">{\"@context\":\"https:\/\/schema.org\",\"@graph\":[{\"@type\":\"WebSite\",\"@id\":\"http:\/\/www.mazapanesbarroso.com\/blog\/#website\",\"url\":\"http:\/\/www.mazapanesbarroso.com\/blog\/\",\"name\":\"Mazapanes Barroso\",\"description\":\"Venta de Mazapanes al por mayor\",\"potentialAction\":[{\"@type\":\"SearchAction\",\"target\":{\"@type\":\"EntryPoint\",\"urlTemplate\":\"http:\/\/www.mazapanesbarroso.com\/blog\/?s={search_term_string}\"},\"query-input\":\"required name=search_term_string\"}],\"inLanguage\":\"es\"},{\"@type\":\"WebPage\",\"@id\":\"https:\/\/www.mazapanesbarroso.com\/blog\/mazapanes-artesanales-por-mayor\/#webpage\",\"url\":\"https:\/\/www.mazapanesbarroso.com\/blog\/mazapanes-artesanales-por-mayor\/\",\"name\":\"Mazapanes artesanales al por mayor | Mazapanes Barroso\",\"isPartOf\":{\"@id\":\"http:\/\/www.mazapanesbarroso.com\/blog\/#website\"},\"datePublished\":\"2019-09-02T08:20:50+00:00\",\"dateModified\":\"2019-10-30T13:55:28+00:00\",\"description\":\"Venta online de mazapanes artesanales al por mayor. Mazapanes artesanales Toledanos al mejor precio. Personalizaci\\u00f3n personalizada del mazap\\u00e1n\",\"breadcrumb\":{\"@id\":\"https:\/\/www.mazapanesbarroso.com\/blog\/mazapanes-artesanales-por-mayor\/#breadcrumb\"},\"inLanguage\":\"es\",\"potentialAction\":[{\"@type\":\"ReadAction\",\"target\":[\"https:\/\/www.mazapanesbarroso.com\/blog\/mazapanes-artesanales-por-mayor\/\"]}]},{\"@type\":\"BreadcrumbList\",\"@id\":\"https:\/\/www.mazapanesbarroso.com\/blog\/mazapanes-artesanales-por-mayor\/#breadcrumb\",\"itemListElement\":[{\"@type\":\"ListItem\",\"position\":1,\"name\":\"Portada\",\"item\":\"http:\/\/www.mazapanesbarroso.com\/blog\/\"},{\"@type\":\"ListItem\",\"position\":2,\"name\":\"Area Profesional\"}]}]}<\/script>\n<!-- \/ Yoast SEO plugin. -->","yoast_head_json":{"title":"Mazapanes artesanales al por mayor | Mazapanes Barroso","description":"Venta online de mazapanes artesanales al por mayor. Mazapanes artesanales Toledanos al mejor precio. Personalizaci\u00f3n personalizada del mazap\u00e1n","robots":{"index":"index","follow":"follow","max-snippet":"max-snippet:-1","max-image-preview":"max-image-preview:large","max-video-preview":"max-video-preview:-1"},"canonical":"https:\/\/www.mazapanesbarroso.com\/blog\/mazapanes-artesanales-por-mayor\/","og_locale":"es_ES","og_type":"article","og_title":"Mazapanes artesanales al por mayor | Mazapanes Barroso","og_description":"Venta online de mazapanes artesanales al por mayor. Mazapanes artesanales Toledanos al mejor precio. Personalizaci\u00f3n personalizada del mazap\u00e1n","og_url":"https:\/\/www.mazapanesbarroso.com\/blog\/mazapanes-artesanales-por-mayor\/","og_site_name":"Mazapanes Barroso","article_modified_time":"2019-10-30T13:55:28+00:00","twitter_card":"summary_large_image","twitter_misc":{"Tiempo de lectura":"3 minutos"},"schema":{"@context":"https:\/\/schema.org","@graph":[{"@type":"WebSite","@id":"http:\/\/www.mazapanesbarroso.com\/blog\/#website","url":"http:\/\/www.mazapanesbarroso.com\/blog\/","name":"Mazapanes Barroso","description":"Venta de Mazapanes al por mayor","potentialAction":[{"@type":"SearchAction","target":{"@type":"EntryPoint","urlTemplate":"http:\/\/www.mazapanesbarroso.com\/blog\/?s={search_term_string}"},"query-input":"required name=search_term_string"}],"inLanguage":"es"},{"@type":"WebPage","@id":"https:\/\/www.mazapanesbarroso.com\/blog\/mazapanes-artesanales-por-mayor\/#webpage","url":"https:\/\/www.mazapanesbarroso.com\/blog\/mazapanes-artesanales-por-mayor\/","name":"Mazapanes artesanales al por mayor | Mazapanes Barroso","isPartOf":{"@id":"http:\/\/www.mazapanesbarroso.com\/blog\/#website"},"datePublished":"2019-09-02T08:20:50+00:00","dateModified":"2019-10-30T13:55:28+00:00","description":"Venta online de mazapanes artesanales al por mayor. Mazapanes artesanales Toledanos al mejor precio. Personalizaci\u00f3n personalizada del mazap\u00e1n","breadcrumb":{"@id":"https:\/\/www.mazapanesbarroso.com\/blog\/mazapanes-artesanales-por-mayor\/#breadcrumb"},"inLanguage":"es","potentialAction":[{"@type":"ReadAction","target":["https:\/\/www.mazapanesbarroso.com\/blog\/mazapanes-artesanales-por-mayor\/"]}]},{"@type":"BreadcrumbList","@id":"https:\/\/www.mazapanesbarroso.com\/blog\/mazapanes-artesanales-por-mayor\/#breadcrumb","itemListElement":[{"@type":"ListItem","position":1,"name":"Portada","item":"http:\/\/www.mazapanesbarroso.com\/blog\/"},{"@type":"ListItem","position":2,"name":"Area Profesional"}]}]}},"_links":{"self":[{"href":"https:\/\/www.mazapanesbarroso.com\/blog\/wp-json\/wp\/v2\/pages\/19"}],"collection":[{"href":"https:\/\/www.mazapanesbarroso.com\/blog\/wp-json\/wp\/v2\/pages"}],"about":[{"href":"https:\/\/www.mazapanesbarroso.com\/blog\/wp-json\/wp\/v2\/types\/page"}],"author":[{"embeddable":true,"href":"https:\/\/www.mazapanesbarroso.com\/blog\/wp-json\/wp\/v2\/users\/1"}],"replies":[{"embeddable":true,"href":"https:\/\/www.mazapanesbarroso.com\/blog\/wp-json\/wp\/v2\/comments?post=19"}],"version-history":[{"count":42,"href":"https:\/\/www.mazapanesbarroso.com\/blog\/wp-json\/wp\/v2\/pages\/19\/revisions"}],"predecessor-version":[{"id":442,"href":"https:\/\/www.mazapanesbarroso.com\/blog\/wp-json\/wp\/v2\/pages\/19\/revisions\/442"}],"wp:attachment":[{"href":"https:\/\/www.mazapanesbarroso.com\/blog\/wp-json\/wp\/v2\/media?parent=19"}],"curies":[{"name":"wp","href":"https:\/\/api.w.org\/{rel}","templated":true}]}}