{"id":203,"date":"2019-09-20T12:25:58","date_gmt":"2019-09-20T10:25:58","guid":{"rendered":"https:\/\/www.mazapanesbarroso.com\/blog\/?page_id=203"},"modified":"2019-09-20T12:49:39","modified_gmt":"2019-09-20T10:49:39","slug":"politica-de-cookies","status":"publish","type":"page","link":"https:\/\/www.mazapanesbarroso.com\/blog\/politica-de-cookies\/","title":{"rendered":"Pol\u00edtica de cookies"},"content":{"rendered":"<section class=\"l-section wpb_row height_medium\"><div class=\"l-section-h i-cf\"><div class=\"g-cols vc_row type_default valign_top\"><div class=\"vc_col-sm-12 wpb_column vc_column_container\"><div class=\"vc_column-inner\"><div class=\"wpb_wrapper\">\r\n\t<div class=\"wpb_text_column \">\r\n\t\t<div class=\"wpb_wrapper\">\r\n\t\t\t<p>En relaci\u00f3n a las Cookies durante la navegaci\u00f3n<\/p>\n<p>Una cookie (o galleta inform\u00e1tica) es una peque\u00f1a informaci\u00f3n enviada por un sitio web y almacenada en el navegador del usuario, de manera que el sitio web puede consultar la actividad previa del usuario.<\/p>\n<p>Sus principales funciones son:<\/p>\n<p>Llevar el control de usuarios: cuando un usuario introduce su nombre de usuario y contrase\u00f1a, se almacena una cookie para que no tenga que estar introduci\u00e9ndolas para cada p\u00e1gina del servidor. Sin embargo, una cookie no identifica solo a una persona, sino a una combinaci\u00f3n de computador-navegador-usuario.<\/p>\n<p>Conseguir informaci\u00f3n sobre los h\u00e1bitos de navegaci\u00f3n del usuario, entre otras.<\/p>\n<p>Esta web utiliza cookies propias.<\/p>\n<table width=\"447\">\n<tbody>\n<tr>\n<td>Tipo de cookie<\/td>\n<td>Finalidad<\/td>\n<\/tr>\n<tr>\n<td>Acceso al Intranet<\/td>\n<td>De recordatorio de sesi\u00f3n<\/td>\n<\/tr>\n<\/tbody>\n<\/table>\n<p>Cookies de Terceros:<\/p>\n<table width=\"988\">\n<tbody>\n<tr>\n<td>Tipo de cookie<\/td>\n<td>Empresa<\/td>\n<td>Finalidad<\/td>\n<td>+ Informaci\u00f3n<\/td>\n<\/tr>\n<tr>\n<td>_utma<\/p>\n<p>_utmb<\/p>\n<p>_utmc<\/p>\n<p>_utmz<\/td>\n<td>Google<\/td>\n<td>Navegaci\u00f3n de forma an\u00f3nima que permite saber qu\u00e9 se consulta y c\u00f3mo se navega<\/td>\n<td><a href=\"https:\/\/www.google.es\/intl\/es\/policies\/privacy\/\">https:\/\/www.google.es\/intl\/es\/policies\/privacy\/<\/a><\/p>\n<p>&nbsp;<\/td>\n<\/tr>\n<\/tbody>\n<\/table>\n<p>Cookies de otros canales<\/p>\n<table width=\"984\">\n<tbody>\n<tr>\n<td>Tipo de cookie<\/td>\n<td>Empresa<\/td>\n<td>Finalidad<\/td>\n<td>+ Informaci\u00f3n<\/td>\n<\/tr>\n<tr>\n<td>Instagram<\/td>\n<td>H\u00e1bitos de navegaci\u00f3n<\/td>\n<td><a href=\"https:\/\/instagram.com\/about\/legal\/privacy\/\">https:\/\/instagram.com\/about\/legal\/privacy\/<\/a><\/p>\n<p>&nbsp;<\/td>\n<td><\/td>\n<\/tr>\n<tr>\n<td>Twitter<\/td>\n<td><a href=\"https:\/\/twitter.com\/privacy\">https:\/\/twitter.com\/privacy<\/a><\/td>\n<td><\/td>\n<td><\/td>\n<\/tr>\n<tr>\n<td>Facebook<\/td>\n<td><a href=\"https:\/\/www.facebook.com\/about\/privacy\/cookies\">https:\/\/www.facebook.com\/about\/privacy\/cookies<\/a><\/td>\n<td><\/td>\n<td><\/td>\n<\/tr>\n<tr>\n<td>Pinterest<\/td>\n<td><a href=\"https:\/\/about.pinterest.com\/es\/privacy-policy\">https:\/\/about.pinterest.com\/es\/privacy-policy<\/a><\/td>\n<td><\/td>\n<td><\/td>\n<\/tr>\n<\/tbody>\n<\/table>\n<p>Gestionar cookies<\/p>\n<p>Puede usted permitir, bloquear o eliminar las cookies instaladas en su equipo mediante la configuraci\u00f3n de las opciones del navegador instalado en su ordenador.<\/p>\n<p>Si no est\u00e1 seguro sobre qu\u00e9 tipo y versi\u00f3n de navegador usa para acceder a internet:<\/p>\n<p>Para Windows: click en \u2018Ayuda\u2019 en la parte superior de la ventana de su navegador y seleccione la opci\u00f3n \u2018Acerca de\u2019.<\/p>\n<p>Para Mac: con la venta del navegador abierta, click en el menu de Apple y seleccione la opci\u00f3n \u2018Acerca de\u2026\u2019.<\/p>\n<p><strong>C\u00f3mo gestionar las cookies en Windows<\/strong><\/p>\n<p><strong>Google Chrome<\/strong><\/p>\n<p>Haz clic en el men\u00fa de Chrome Chrome situado en la barra de herramientas del navegador.<\/p>\n<p>Selecciona \u201cConfiguraci\u00f3n\u201d.<\/p>\n<p>Haz clic en \u201cMostrar opciones avanzadas\u2026\u201d<\/p>\n<p>En la secci\u00f3n \u201cPrivacidad\u201d, haz clic en el bot\u00f3n \u201cConfiguraci\u00f3n de contenido\u2026\u201d.<\/p>\n<p>En la secci\u00f3n \u201cCookies\u201d, puedes configurar las opciones que se indican a continuaci\u00f3n: Eliminar cookies, bloquear o permitir las cookies de forma predeterminada, incluir excepciones de cookies de dominios o sitios web espec\u00edficos.<\/p>\n<p>Para mayor detalle consulta la ayuda de Google Chrome.<\/p>\n<p><strong>Microsoft Internet Explorer 7.0 y 8.0<\/strong><\/p>\n<p>Haga clic en el bot\u00f3n \u201cHerramientas\u201d y despu\u00e9s en \u201cOpciones de Internet\u201d.<\/p>\n<p>Haga clic en la ficha \u201cPrivacidad\u201d y, a continuaci\u00f3n, mueva el control deslizante a una posici\u00f3n intermedia entre los extremos superior e inferior, de manera que no se bloqueen ni permitan todas las cookies.<\/p>\n<p>Haga clic en \u201cSitios\u201d.<\/p>\n<p>En el cuadro \u201cDirecci\u00f3n del sitio web\u201d, escriba la direcci\u00f3n de un sitio web y, despu\u00e9s, haga clic en \u201cBloquear\u201d o \u201cPermitir\u201d.<\/p>\n<p>Mientras escriba, ir\u00e1 apareciendo una lista de las p\u00e1ginas web que ya haya visitado. Si hace clic en un elemento de la lista, se mostrar\u00e1 en el cuadro Direcci\u00f3n del sitio web.<\/p>\n<p>Al finalizar, haga clic en \u201cAceptar\u201d.<\/p>\n<p>Vuelva a colocar el control deslizante en su posici\u00f3n original y haga clic en \u201cAceptar\u201d.<\/p>\n<p>Puedes consultar la ayuda de Windows para m\u00e1s informaci\u00f3n<\/p>\n<p><strong>Mozilla Firefox<\/strong><\/p>\n<p>En la parte superior de la ventana de Firefox, haz clic en el bot\u00f3n Firefox y selecciona \u201cOpciones\u201d.<\/p>\n<p>Selecciona el panel \u201cPrivacidad\u201d.<\/p>\n<p>En \u201cFirefox podr\u00e1:\u201d elige \u201cUsar una configuraci\u00f3n personalizada para el historial\u201d.<\/p>\n<p>Marca la opci\u00f3n \u201cAceptar cookies\u201d para activarlas, y desm\u00e1rcala para desactivarlas.<\/p>\n<p>Si no quieres recibir cookies de terceros desmarca \u201cAceptar cookies de terceros\u201d.<\/p>\n<p>Puedes consultar la ayuda de Mozilla para m\u00e1s informaci\u00f3n<\/p>\n<p><strong>Safari<\/strong><\/p>\n<p>Haga clic en \u201cSafari\u201d en la parte superior de la ventana de su navegador y seleccione la opci\u00f3n \u2018Preferencias\u2019.<\/p>\n<p>Haga clic en \u201cPrivacidad\u201d.<\/p>\n<p>En el apartado \u201cBloquear cookies\u201d seleccione una de las siguientes opciones seg\u00fan le interese: \u201cDe publicidad y terceros\u201d, \u201cSiempre\u201d, o \u201cNunca\u201d.<\/p>\n<p><strong>Opera<\/strong><\/p>\n<p>Haga clic en \u201cConfiguraci\u00f3n\u201d en la parte superior de la ventana del navegador y selecciona \u2018Opciones\u2019.<\/p>\n<p>A continuaci\u00f3n seleccione la pesta\u00f1a \u201cAvanzado\u201d y en la lista de la izquierda seleccionar \u201cCookies\u201d.<\/p>\n<p>A continuaci\u00f3n, seleccione \u201cAceptar cookies\u201d.<\/p>\n<p>Dispone de tres opciones seg\u00fan su preferencia: \u201cAceptar cookies<\/p>\n<p><strong><br \/>\nC\u00f3mo gestionar las cookies en Mac<br \/>\n<\/strong><br \/>\n<strong><br \/>\nGoogle Chrome:<\/strong><br \/>\n1. Haga clic en el men\u00fa de Chrome Chrome situado en la barra de herramientas del navegador.<br \/>\n2. Seleccione \u201cConfiguraci\u00f3n\u201d.<br \/>\n3. Haga clic en \u201cMostrar opciones avanzadas\u2026\u201d<br \/>\n4. En la secci\u00f3n \u201cPrivacidad\u201d, Haga clic en el bot\u00f3n \u201cConfiguraci\u00f3n de contenido\u2026\u201d.<br \/>\n5. En la secci\u00f3n \u201cCookies\u201d, puede configurar las opciones que se indican a continuaci\u00f3n: Eliminar cookies, bloquear o permitir las cookies de forma predeterminada, incluir excepciones de cookies de dominios o sitios web espec\u00edficos.<\/p>\n<p><strong><br \/>\nMicrosoft Internet Explorer:<\/strong><br \/>\n1. Haga clic en \u2018Explorer\u2019 en la parte superior de la ventana de su navegador y seleccione las opciones de \u2018Preferencias\u2019.<br \/>\n2. Despl\u00e1cese hacia abajo hasta que aparezca \u2018Cookies\u2019 en Archivos recibidos.<br \/>\n3. Seleccione la opci\u00f3n \u201cNunca preguntar\u201d.<br \/>\n4. Haga clic en \u201cAceptar\u201d.<\/p>\n<p><strong>Mozilla Firefox:<\/strong><br \/>\n1. En la barra de men\u00fas, haga clic en el men\u00fa Firefox y selecciona\u201dPreferencias\u2026\u201d.<br \/>\n2. Seleccione el panel Privacidad.<br \/>\n3. En \u201cFirefox podr\u00e1:\u201d elige \u201cUsar una configuraci\u00f3n personalizada para el historial\u201d.<br \/>\n4. Marca la opci\u00f3n \u201cAceptar cookies\u201d para activarlas, y desm\u00e1rcala para desactivarlas.<br \/>\n5. Si no quiere recibir cookies de terceros desmarca \u201cAceptar cookies de terceros\u201d.<\/p>\n<p><strong><br \/>\nSafari:<\/strong><br \/>\n1. Haga clic en \u201cSafari\u201d en la parte superior de la ventana de su navegador y seleccione la opci\u00f3n \u2018Preferencias\u2019.<br \/>\n2. Haga clic en \u201cPrivacidad\u201d.<br \/>\n3. En el apartado \u201cBloquear cookies\u201d seleccione una de las siguientes opciones seg\u00fan le interese: \u201cDe publicidad y terceros\u201d, \u201cSiempre\u201d, o\u201dNunca\u201d.<\/p>\n<p><strong><br \/>\nOpera:<\/strong><br \/>\n1. Haga clic en \u201cOpera\u201d en la parte superior de la ventana del navegador y selecciona \u2018Opciones\u2019.<br \/>\n2. A continuaci\u00f3n seleccione la pesta\u00f1a \u201cAvanzado\u201d y en la lista de la izquierda seleccionar \u201cCookies\u201d.<br \/>\n3. A continuaci\u00f3n, seleccione \u201cAceptar cookies\u201d.<br \/>\n4. Dispone de tres opciones seg\u00fan su preferencia: \u201cAceptar cookies\u201d,\u201dAceptar cookies s\u00f3lo del sitio visitado\u201d y \u201cNo aceptar cookies nunca\u201d.<\/p>\n\r\n\t\t<\/div>\r\n\t<\/div>\r\n<\/div><\/div><\/div><\/div><\/div><\/section>\n","protected":false},"excerpt":{"rendered":"En relaci\u00f3n a las Cookies durante la navegaci\u00f3n Una cookie (o galleta inform\u00e1tica) es una peque\u00f1a informaci\u00f3n enviada por un sitio web y almacenada en el navegador del usuario, de manera que el sitio web puede consultar la actividad previa del usuario. Sus principales funciones son: Llevar el control de usuarios: cuando un usuario introduce...","protected":false},"author":1,"featured_media":0,"parent":0,"menu_order":0,"comment_status":"closed","ping_status":"closed","template":"","meta":[],"yoast_head":"<!-- This site is optimized with the Yoast SEO plugin v17.1 - https:\/\/yoast.com\/wordpress\/plugins\/seo\/ -->\n<title>Pol\u00edtica de cookies - Mazapanes Barroso<\/title>\n<meta name=\"robots\" content=\"index, follow, max-snippet:-1, max-image-preview:large, max-video-preview:-1\" \/>\n<link rel=\"canonical\" href=\"https:\/\/www.mazapanesbarroso.com\/blog\/politica-de-cookies\/\" \/>\n<meta property=\"og:locale\" content=\"es_ES\" \/>\n<meta property=\"og:type\" content=\"article\" \/>\n<meta property=\"og:title\" content=\"Pol\u00edtica de cookies - Mazapanes Barroso\" \/>\n<meta property=\"og:url\" content=\"https:\/\/www.mazapanesbarroso.com\/blog\/politica-de-cookies\/\" \/>\n<meta property=\"og:site_name\" content=\"Mazapanes Barroso\" \/>\n<meta property=\"article:modified_time\" content=\"2019-09-20T10:49:39+00:00\" \/>\n<meta name=\"twitter:card\" content=\"summary_large_image\" \/>\n<meta name=\"twitter:label1\" content=\"Tiempo de lectura\" \/>\n\t<meta name=\"twitter:data1\" content=\"5 minutos\" \/>\n<script type=\"application\/ld+json\" class=\"yoast-schema-graph\">{\"@context\":\"https:\/\/schema.org\",\"@graph\":[{\"@type\":\"WebSite\",\"@id\":\"https:\/\/www.mazapanesbarroso.com\/blog\/#website\",\"url\":\"https:\/\/www.mazapanesbarroso.com\/blog\/\",\"name\":\"Mazapanes Barroso\",\"description\":\"Venta de Mazapanes al por mayor\",\"potentialAction\":[{\"@type\":\"SearchAction\",\"target\":{\"@type\":\"EntryPoint\",\"urlTemplate\":\"https:\/\/www.mazapanesbarroso.com\/blog\/?s={search_term_string}\"},\"query-input\":\"required name=search_term_string\"}],\"inLanguage\":\"es\"},{\"@type\":\"WebPage\",\"@id\":\"https:\/\/www.mazapanesbarroso.com\/blog\/politica-de-cookies\/#webpage\",\"url\":\"https:\/\/www.mazapanesbarroso.com\/blog\/politica-de-cookies\/\",\"name\":\"Pol\\u00edtica de cookies - Mazapanes Barroso\",\"isPartOf\":{\"@id\":\"https:\/\/www.mazapanesbarroso.com\/blog\/#website\"},\"datePublished\":\"2019-09-20T10:25:58+00:00\",\"dateModified\":\"2019-09-20T10:49:39+00:00\",\"breadcrumb\":{\"@id\":\"https:\/\/www.mazapanesbarroso.com\/blog\/politica-de-cookies\/#breadcrumb\"},\"inLanguage\":\"es\",\"potentialAction\":[{\"@type\":\"ReadAction\",\"target\":[\"https:\/\/www.mazapanesbarroso.com\/blog\/politica-de-cookies\/\"]}]},{\"@type\":\"BreadcrumbList\",\"@id\":\"https:\/\/www.mazapanesbarroso.com\/blog\/politica-de-cookies\/#breadcrumb\",\"itemListElement\":[{\"@type\":\"ListItem\",\"position\":1,\"name\":\"Portada\",\"item\":\"https:\/\/www.mazapanesbarroso.com\/blog\/\"},{\"@type\":\"ListItem\",\"position\":2,\"name\":\"Pol\\u00edtica de cookies\"}]}]}<\/script>\n<!-- \/ Yoast SEO plugin. -->","yoast_head_json":{"title":"Pol\u00edtica de cookies - Mazapanes Barroso","robots":{"index":"index","follow":"follow","max-snippet":"max-snippet:-1","max-image-preview":"max-image-preview:large","max-video-preview":"max-video-preview:-1"},"canonical":"https:\/\/www.mazapanesbarroso.com\/blog\/politica-de-cookies\/","og_locale":"es_ES","og_type":"article","og_title":"Pol\u00edtica de cookies - Mazapanes Barroso","og_url":"https:\/\/www.mazapanesbarroso.com\/blog\/politica-de-cookies\/","og_site_name":"Mazapanes Barroso","article_modified_time":"2019-09-20T10:49:39+00:00","twitter_card":"summary_large_image","twitter_misc":{"Tiempo de lectura":"5 minutos"},"schema":{"@context":"https:\/\/schema.org","@graph":[{"@type":"WebSite","@id":"https:\/\/www.mazapanesbarroso.com\/blog\/#website","url":"https:\/\/www.mazapanesbarroso.com\/blog\/","name":"Mazapanes Barroso","description":"Venta de Mazapanes al por mayor","potentialAction":[{"@type":"SearchAction","target":{"@type":"EntryPoint","urlTemplate":"https:\/\/www.mazapanesbarroso.com\/blog\/?s={search_term_string}"},"query-input":"required name=search_term_string"}],"inLanguage":"es"},{"@type":"WebPage","@id":"https:\/\/www.mazapanesbarroso.com\/blog\/politica-de-cookies\/#webpage","url":"https:\/\/www.mazapanesbarroso.com\/blog\/politica-de-cookies\/","name":"Pol\u00edtica de cookies - Mazapanes Barroso","isPartOf":{"@id":"https:\/\/www.mazapanesbarroso.com\/blog\/#website"},"datePublished":"2019-09-20T10:25:58+00:00","dateModified":"2019-09-20T10:49:39+00:00","breadcrumb":{"@id":"https:\/\/www.mazapanesbarroso.com\/blog\/politica-de-cookies\/#breadcrumb"},"inLanguage":"es","potentialAction":[{"@type":"ReadAction","target":["https:\/\/www.mazapanesbarroso.com\/blog\/politica-de-cookies\/"]}]},{"@type":"BreadcrumbList","@id":"https:\/\/www.mazapanesbarroso.com\/blog\/politica-de-cookies\/#breadcrumb","itemListElement":[{"@type":"ListItem","position":1,"name":"Portada","item":"https:\/\/www.mazapanesbarroso.com\/blog\/"},{"@type":"ListItem","position":2,"name":"Pol\u00edtica de cookies"}]}]}},"_links":{"self":[{"href":"https:\/\/www.mazapanesbarroso.com\/blog\/wp-json\/wp\/v2\/pages\/203"}],"collection":[{"href":"https:\/\/www.mazapanesbarroso.com\/blog\/wp-json\/wp\/v2\/pages"}],"about":[{"href":"https:\/\/www.mazapanesbarroso.com\/blog\/wp-json\/wp\/v2\/types\/page"}],"author":[{"embeddable":true,"href":"https:\/\/www.mazapanesbarroso.com\/blog\/wp-json\/wp\/v2\/users\/1"}],"replies":[{"embeddable":true,"href":"https:\/\/www.mazapanesbarroso.com\/blog\/wp-json\/wp\/v2\/comments?post=203"}],"version-history":[{"count":2,"href":"https:\/\/www.mazapanesbarroso.com\/blog\/wp-json\/wp\/v2\/pages\/203\/revisions"}],"predecessor-version":[{"id":206,"href":"https:\/\/www.mazapanesbarroso.com\/blog\/wp-json\/wp\/v2\/pages\/203\/revisions\/206"}],"wp:attachment":[{"href":"https:\/\/www.mazapanesbarroso.com\/blog\/wp-json\/wp\/v2\/media?parent=203"}],"curies":[{"name":"wp","href":"https:\/\/api.w.org\/{rel}","templated":true}]}}