{"id":384,"date":"2019-10-17T13:53:15","date_gmt":"2019-10-17T11:53:15","guid":{"rendered":"https:\/\/www.mazapanesbarroso.com\/blog\/?page_id=384"},"modified":"2024-10-29T11:19:53","modified_gmt":"2024-10-29T10:19:53","slug":"envio","status":"publish","type":"page","link":"https:\/\/www.mazapanesbarroso.com\/blog\/envio\/","title":{"rendered":"Pol\u00edtica de gastos de env\u00edo y horario"},"content":{"rendered":"<section class=\"l-section wpb_row height_medium\"><div class=\"l-section-h i-cf\"><div class=\"g-cols vc_row type_default valign_top\"><div class=\"vc_col-sm-12 wpb_column vc_column_container\"><div class=\"vc_column-inner\"><div class=\"wpb_wrapper\">\r\n\t<div class=\"wpb_text_column \">\r\n\t\t<div class=\"wpb_wrapper\">\r\n\t\t\t<h2>POL\u00cdTICA DE GASTOS DE ENV\u00cdO<\/h2>\n<h6><strong>PEDIDO M\u00cdNIMO 20 EUROS<\/strong><\/h6>\n<p><strong><u>ENV\u00cdOS A TERRITORIO ESPA\u00d1OL PEN\u00cdNSULA<\/u><\/strong><strong>: Gastos de env\u00edo 5,95.- Euros (Impuestos Inc.)<\/strong><\/p>\n<p><strong><u>ENV\u00cdOS A BALEARES, CANARIAS, CEUTA, MELILLA Y PORTUGAL<\/u><\/strong><strong>\u00a0\u2013 Llamar al 925353149 para consultar gastos de env\u00edos o bien a trav\u00e9s de correo electr\u00f3nico<span style=\"color: #3366ff;\"> <span style=\"color: #00ccff;\"><a style=\"color: #00ccff;\" href=\"mailto:pedidos@mazapanesbarroso.com\">pedidos@mazapanesbarroso.com<\/a>.<\/span><\/span><\/strong><\/p>\n<p><strong><u>ENV\u00cdOS INTERNACIONALES Y A EUROPA <\/u><\/strong><strong>Llamar al 925353149 o bien a trav\u00e9s de correo electr\u00f3nico <span style=\"color: #00ccff;\"><a style=\"color: #00ccff;\" href=\"mailto:pedidos@mazapanesbarroso.com\">pedidos@mazapanesbarroso.com<\/a><\/span><\/strong><\/p>\n<p><strong><u>PLAZO DE ENTREGA<\/u><\/strong><strong>: De 5 d\u00edas a 7 d\u00edas laborables desde confirmaci\u00f3n de pedido por parte de Mazapanes Barroso S.L<\/strong><\/p>\n<p>En caso de no localizar al destinatario en el lugar indicado en el pedido, la agencia de transporte deja una nota de aviso con un tel\u00e9fono para que puedas concretar fecha, hora y lugar exactos del segundo intento de entrega y, en su defecto, \u00e9ste se realizar\u00e1 al d\u00eda h\u00e1bil siguiente. Si tras este no se logra la entrega, se vuelve a dejar nota y el pedido queda a tu disposici\u00f3n en la oficina de la agencia de mensajer\u00eda m\u00e1s cercana al lugar indicado para la entrega.<\/p>\n<p>En cualquier caso, estamos a tu disposici\u00f3n en\u00a0<a href=\"mailto:barroso@mazapanesbarroso.com\"><strong><span style=\"color: #00ccff;\">barroso@mazapanesbarroso.com<\/span><\/strong>\u00a0<\/a>o llamando al\u00a0 tel\u00e9fono\u00a0<strong>925 35 31 49.<\/strong><\/p>\n<h6><strong>HORARIO <\/strong><\/h6>\n<p><strong><u>Enero \u2013 Septiembre<\/u><\/strong><strong>: <em>Lunes a Viernes<\/em>: <\/strong>7.00 h a 15.00 h<\/p>\n<p><strong><u>Octubre \u2013 Diciembre:<\/u><\/strong><strong> <em>Lunes a Viernes<\/em>: Ma\u00f1ana:<\/strong> 9.00 h a 14.00 h<\/p>\n<p><strong>\u00a0 \u00a0 \u00a0 \u00a0 \u00a0 \u00a0 \u00a0 \u00a0 \u00a0 \u00a0 \u00a0 \u00a0 \u00a0 \u00a0 \u00a0 \u00a0 \u00a0 \u00a0 \u00a0 \u00a0 \u00a0 \u00a0 \u00a0 \u00a0 \u00a0 \u00a0 \u00a0 \u00a0 \u00a0 \u00a0 \u00a0 \u00a0 \u00a0 \u00a0 \u00a0 Tardes: <\/strong>16 h a 18 h<\/p>\n<p><strong><em>\u00a0 \u00a0 \u00a0 \u00a0 \u00a0 \u00a0 \u00a0 \u00a0 \u00a0 \u00a0 \u00a0 \u00a0 \u00a0 \u00a0 \u00a0 \u00a0 \u00a0 \u00a0 \u00a0 S\u00e1bados:\u00a0 \u00a0 \u00a0 \u00a0 \u00a0 \u00a0 \u00a0 \u00a0 <\/em><\/strong><strong>Ma\u00f1ana: <\/strong>9 h a 14 h<\/p>\n<p><strong>* <u>Diciembre:<\/u> Ampliamos horario a <em>domingos<\/em> por la ma\u00f1ana <span style=\"color: #870000;\">HASTA EL 22<\/span>: <\/strong>10 h a 14 h<\/p>\n\r\n\t\t<\/div>\r\n\t<\/div>\r\n<\/div><\/div><\/div><\/div><\/div><\/section>\n","protected":false},"excerpt":{"rendered":"POL\u00cdTICA DE GASTOS DE ENV\u00cdO PEDIDO M\u00cdNIMO 20 EUROS ENV\u00cdOS A TERRITORIO ESPA\u00d1OL PEN\u00cdNSULA: Gastos de env\u00edo 5,95.- Euros (Impuestos Inc.) ENV\u00cdOS A BALEARES, CANARIAS, CEUTA, MELILLA Y PORTUGAL\u00a0\u2013 Llamar al 925353149 para consultar gastos de env\u00edos o bien a trav\u00e9s de correo electr\u00f3nico pedidos@mazapanesbarroso.com. ENV\u00cdOS INTERNACIONALES Y A EUROPA Llamar al 925353149 o bien...","protected":false},"author":1,"featured_media":0,"parent":0,"menu_order":0,"comment_status":"closed","ping_status":"closed","template":"","meta":[],"yoast_head":"<!-- This site is optimized with the Yoast SEO plugin v17.1 - https:\/\/yoast.com\/wordpress\/plugins\/seo\/ -->\n<title>Pol\u00edtica de gastos de env\u00edo y horario - Mazapanes Barroso<\/title>\n<meta name=\"robots\" content=\"index, follow, max-snippet:-1, max-image-preview:large, max-video-preview:-1\" \/>\n<link rel=\"canonical\" href=\"https:\/\/www.mazapanesbarroso.com\/blog\/envio\/\" \/>\n<meta property=\"og:locale\" content=\"es_ES\" \/>\n<meta property=\"og:type\" content=\"article\" \/>\n<meta property=\"og:title\" content=\"Pol\u00edtica de gastos de env\u00edo y horario - Mazapanes Barroso\" \/>\n<meta property=\"og:url\" content=\"https:\/\/www.mazapanesbarroso.com\/blog\/envio\/\" \/>\n<meta property=\"og:site_name\" content=\"Mazapanes Barroso\" \/>\n<meta property=\"article:modified_time\" content=\"2024-10-29T10:19:53+00:00\" \/>\n<meta name=\"twitter:card\" content=\"summary_large_image\" \/>\n<meta name=\"twitter:label1\" content=\"Tiempo de lectura\" \/>\n\t<meta name=\"twitter:data1\" content=\"2 minutos\" \/>\n<script type=\"application\/ld+json\" class=\"yoast-schema-graph\">{\"@context\":\"https:\/\/schema.org\",\"@graph\":[{\"@type\":\"WebSite\",\"@id\":\"https:\/\/www.mazapanesbarroso.com\/blog\/#website\",\"url\":\"https:\/\/www.mazapanesbarroso.com\/blog\/\",\"name\":\"Mazapanes Barroso\",\"description\":\"Venta de Mazapanes al por mayor\",\"potentialAction\":[{\"@type\":\"SearchAction\",\"target\":{\"@type\":\"EntryPoint\",\"urlTemplate\":\"https:\/\/www.mazapanesbarroso.com\/blog\/?s={search_term_string}\"},\"query-input\":\"required name=search_term_string\"}],\"inLanguage\":\"es\"},{\"@type\":\"WebPage\",\"@id\":\"https:\/\/www.mazapanesbarroso.com\/blog\/envio\/#webpage\",\"url\":\"https:\/\/www.mazapanesbarroso.com\/blog\/envio\/\",\"name\":\"Pol\\u00edtica de gastos de env\\u00edo y horario - Mazapanes Barroso\",\"isPartOf\":{\"@id\":\"https:\/\/www.mazapanesbarroso.com\/blog\/#website\"},\"datePublished\":\"2019-10-17T11:53:15+00:00\",\"dateModified\":\"2024-10-29T10:19:53+00:00\",\"breadcrumb\":{\"@id\":\"https:\/\/www.mazapanesbarroso.com\/blog\/envio\/#breadcrumb\"},\"inLanguage\":\"es\",\"potentialAction\":[{\"@type\":\"ReadAction\",\"target\":[\"https:\/\/www.mazapanesbarroso.com\/blog\/envio\/\"]}]},{\"@type\":\"BreadcrumbList\",\"@id\":\"https:\/\/www.mazapanesbarroso.com\/blog\/envio\/#breadcrumb\",\"itemListElement\":[{\"@type\":\"ListItem\",\"position\":1,\"name\":\"Portada\",\"item\":\"https:\/\/www.mazapanesbarroso.com\/blog\/\"},{\"@type\":\"ListItem\",\"position\":2,\"name\":\"Pol\\u00edtica de gastos de env\\u00edo y horario\"}]}]}<\/script>\n<!-- \/ Yoast SEO plugin. -->","yoast_head_json":{"title":"Pol\u00edtica de gastos de env\u00edo y horario - Mazapanes Barroso","robots":{"index":"index","follow":"follow","max-snippet":"max-snippet:-1","max-image-preview":"max-image-preview:large","max-video-preview":"max-video-preview:-1"},"canonical":"https:\/\/www.mazapanesbarroso.com\/blog\/envio\/","og_locale":"es_ES","og_type":"article","og_title":"Pol\u00edtica de gastos de env\u00edo y horario - Mazapanes Barroso","og_url":"https:\/\/www.mazapanesbarroso.com\/blog\/envio\/","og_site_name":"Mazapanes Barroso","article_modified_time":"2024-10-29T10:19:53+00:00","twitter_card":"summary_large_image","twitter_misc":{"Tiempo de lectura":"2 minutos"},"schema":{"@context":"https:\/\/schema.org","@graph":[{"@type":"WebSite","@id":"https:\/\/www.mazapanesbarroso.com\/blog\/#website","url":"https:\/\/www.mazapanesbarroso.com\/blog\/","name":"Mazapanes Barroso","description":"Venta de Mazapanes al por mayor","potentialAction":[{"@type":"SearchAction","target":{"@type":"EntryPoint","urlTemplate":"https:\/\/www.mazapanesbarroso.com\/blog\/?s={search_term_string}"},"query-input":"required name=search_term_string"}],"inLanguage":"es"},{"@type":"WebPage","@id":"https:\/\/www.mazapanesbarroso.com\/blog\/envio\/#webpage","url":"https:\/\/www.mazapanesbarroso.com\/blog\/envio\/","name":"Pol\u00edtica de gastos de env\u00edo y horario - Mazapanes Barroso","isPartOf":{"@id":"https:\/\/www.mazapanesbarroso.com\/blog\/#website"},"datePublished":"2019-10-17T11:53:15+00:00","dateModified":"2024-10-29T10:19:53+00:00","breadcrumb":{"@id":"https:\/\/www.mazapanesbarroso.com\/blog\/envio\/#breadcrumb"},"inLanguage":"es","potentialAction":[{"@type":"ReadAction","target":["https:\/\/www.mazapanesbarroso.com\/blog\/envio\/"]}]},{"@type":"BreadcrumbList","@id":"https:\/\/www.mazapanesbarroso.com\/blog\/envio\/#breadcrumb","itemListElement":[{"@type":"ListItem","position":1,"name":"Portada","item":"https:\/\/www.mazapanesbarroso.com\/blog\/"},{"@type":"ListItem","position":2,"name":"Pol\u00edtica de gastos de env\u00edo y horario"}]}]}},"_links":{"self":[{"href":"https:\/\/www.mazapanesbarroso.com\/blog\/wp-json\/wp\/v2\/pages\/384"}],"collection":[{"href":"https:\/\/www.mazapanesbarroso.com\/blog\/wp-json\/wp\/v2\/pages"}],"about":[{"href":"https:\/\/www.mazapanesbarroso.com\/blog\/wp-json\/wp\/v2\/types\/page"}],"author":[{"embeddable":true,"href":"https:\/\/www.mazapanesbarroso.com\/blog\/wp-json\/wp\/v2\/users\/1"}],"replies":[{"embeddable":true,"href":"https:\/\/www.mazapanesbarroso.com\/blog\/wp-json\/wp\/v2\/comments?post=384"}],"version-history":[{"count":23,"href":"https:\/\/www.mazapanesbarroso.com\/blog\/wp-json\/wp\/v2\/pages\/384\/revisions"}],"predecessor-version":[{"id":1577,"href":"https:\/\/www.mazapanesbarroso.com\/blog\/wp-json\/wp\/v2\/pages\/384\/revisions\/1577"}],"wp:attachment":[{"href":"https:\/\/www.mazapanesbarroso.com\/blog\/wp-json\/wp\/v2\/media?parent=384"}],"curies":[{"name":"wp","href":"https:\/\/api.w.org\/{rel}","templated":true}]}}