{"id":69,"date":"2019-09-05T11:22:58","date_gmt":"2019-09-05T09:22:58","guid":{"rendered":"https:\/\/www.mazapanesbarroso.com\/blog\/elaboracion-artesanal-copy\/"},"modified":"2020-01-30T13:06:16","modified_gmt":"2020-01-30T12:06:16","slug":"empresa","status":"publish","type":"page","link":"https:\/\/www.mazapanesbarroso.com\/blog\/empresa\/","title":{"rendered":"Empresa"},"content":{"rendered":"<section class=\"l-section wpb_row height_medium width_full\" style=\"margin-top: 0px !important;\"><div class=\"l-section-h i-cf\" style=\"padding-top: 0px !important;padding-bottom: 0px !important;\"><div class=\"g-cols vc_row type_default valign_top\"><div class=\"vc_col-sm-12 wpb_column vc_column_container\"><div class=\"vc_column-inner\"><div class=\"wpb_wrapper\"><div class=\"w-slider style_none\"><div class=\"w-slider-h\"><div class=\"royalSlider\"><div class=\"rsContent\"><a class=\"rsImg\" data-rsw=\"1920\" data-rsh=\"500\" href=\"https:\/\/www.mazapanesbarroso.com\/blog\/wp-content\/uploads\/2019\/10\/empresa-mazapanes-barroso-color.png\"><span data-alt=\"mazapanes barroso empresa\"><\/span><\/a><\/div><\/div><img src=\"https:\/\/www.mazapanesbarroso.com\/blog\/wp-content\/uploads\/2019\/10\/empresa-mazapanes-barroso-color.png\" alt=\"mazapanes barroso empresa\"><\/div><div class=\"w-slider-json\" onclick='return {&quot;loop&quot;:true,&quot;fadeInLoadedSlide&quot;:false,&quot;slidesSpacing&quot;:0,&quot;imageScalePadding&quot;:0,&quot;numImagesToPreload&quot;:2,&quot;arrowsNav&quot;:true,&quot;arrowsNavAutoHide&quot;:true,&quot;transitionType&quot;:&quot;move&quot;,&quot;transitionSpeed&quot;:400,&quot;block&quot;:{&quot;moveEffect&quot;:&quot;none&quot;,&quot;speed&quot;:300},&quot;controlNavigation&quot;:&quot;bullets&quot;,&quot;autoplay&quot;:{&quot;enabled&quot;:true,&quot;pauseOnHover&quot;:true,&quot;delay&quot;:4000},&quot;imageScaleMode&quot;:&quot;fit-if-smaller&quot;,&quot;autoScaleSlider&quot;:true,&quot;autoScaleSliderWidth&quot;:1920,&quot;autoScaleSliderHeight&quot;:500,&quot;fitInViewport&quot;:false}'><\/div><\/div><\/div><\/div><\/div><\/div><\/div><\/section><section class=\"l-section wpb_row height_medium\" style=\"margin-bottom: 0px !important;\"><div class=\"l-section-h i-cf\" style=\"padding-bottom: 0px !important;\"><div class=\"g-cols vc_row type_default valign_top\"><div class=\"vc_col-sm-12 wpb_column vc_column_container\"><div class=\"vc_column-inner\"><div class=\"wpb_wrapper\">\r\n\t<div class=\"wpb_text_column  title-size\">\r\n\t\t<div class=\"wpb_wrapper\">\r\n\t\t\t<h1 style=\"text-align: center;\" align=\"center\"><span style=\"font-family: Algerian;\">LA EMPRESA<\/span><\/h1>\n\r\n\t\t<\/div>\r\n\t<\/div>\r\n<\/div><\/div><\/div><\/div><\/div><\/section><section class=\"l-section wpb_row height_medium\"><div class=\"l-section-h i-cf\"><div class=\"g-cols vc_row type_default valign_top\"><div class=\"vc_col-sm-12 wpb_column vc_column_container\"><div class=\"vc_column-inner\"><div class=\"wpb_wrapper\"><div class=\"w-tabs layout_ver navpos_left navwidth_auto title_atleft style_default switch_click icon_chevron iconpos_right \"><div class=\"w-tabs-list items_2\"><div class=\"w-tabs-list-h\"><div class=\"w-tabs-item active\"><div class=\"w-tabs-item-h\"><span class=\"w-tabs-item-title\">Empresa<\/span><\/div><\/div><div class=\"w-tabs-item\"><div class=\"w-tabs-item-h\"><span class=\"w-tabs-item-title\">Or\u00edgenes<\/span><\/div><\/div><\/div><\/div><div class=\"w-tabs-sections\"><div class=\"w-tabs-sections-h\"><div class=\"w-tabs-section active\" id=\"1569325958856-c882f385-c788\"><a href=\"#1569325958856-c882f385-c788\" class=\"w-tabs-section-header\"><div class=\"w-tabs-section-header-h\"><div class=\"w-tabs-section-title\">Empresa<\/div><div class=\"w-tabs-section-control\"><\/div><\/div><\/a><div class=\"w-tabs-section-content\"><div class=\"w-tabs-section-content-h i-cf\">\r\n\t<div class=\"wpb_text_column \">\r\n\t\t<div class=\"wpb_wrapper\">\r\n\t\t\t<h3><strong>Historia de Mazapanes Barroso<br \/>\n<\/strong><\/h3>\n<p><img loading=\"lazy\" class=\" wp-image-254 alignleft\" src=\"https:\/\/www.mazapanesbarroso.com\/blog\/wp-content\/uploads\/2019\/09\/fotografia-fabrica-nu\u00f1ez-de-Arce-300x300.jpg\" alt=\"\" width=\"418\" height=\"418\" srcset=\"https:\/\/www.mazapanesbarroso.com\/blog\/wp-content\/uploads\/2019\/09\/fotografia-fabrica-nu\u00f1ez-de-Arce-300x300.jpg 300w, https:\/\/www.mazapanesbarroso.com\/blog\/wp-content\/uploads\/2019\/09\/fotografia-fabrica-nu\u00f1ez-de-Arce-150x150.jpg 150w, https:\/\/www.mazapanesbarroso.com\/blog\/wp-content\/uploads\/2019\/09\/fotografia-fabrica-nu\u00f1ez-de-Arce.jpg 1024w, https:\/\/www.mazapanesbarroso.com\/blog\/wp-content\/uploads\/2019\/09\/fotografia-fabrica-nu\u00f1ez-de-Arce-600x599.jpg 600w, https:\/\/www.mazapanesbarroso.com\/blog\/wp-content\/uploads\/2019\/09\/fotografia-fabrica-nu\u00f1ez-de-Arce-350x350.jpg 350w\" sizes=\"(max-width: 418px) 100vw, 418px\" \/><\/p>\n<p>&nbsp;<\/p>\n<p>Su actividad de fabricaci\u00f3n de mazapanes\u00a0 comienza a mediados del siglo XIX bajo la direcci\u00f3n de <strong>Santiago Camarasa<\/strong>, ubicada en el casco antiguo de Toledo, en calle Nu\u00f1ez de\u00a0 Arce n\u00fam. 12, conocida como La\u00a0 Casa de la Moneda de Toledo, actual sede del Consejo Consultivo de Castilla-La Mancha.<\/p>\n<p>A principios del siglo XX Don\u00a0 \u00c1ngel Barroso Gamero adquiere el traspaso de la misma hasta el a\u00f1o 1931, a\u00f1o en el que fallece, asumiendo propiedad y actividad su viuda D\u00aa Dolores Aguado Castellanos e hijos pasando a denominarse \u201cViuda e Hijos de \u00c1ngel Barroso\u201d. En 1948, tras la defunci\u00f3n de D\u00aa Dolores Aguado Castellanos, contin\u00faan su legado sus hijos \u00c1ngel y Jos\u00e9 Barroso Aguado, manteniendo la Empresa con esa denominaci\u00f3n hasta 1954. En 1954, los hijos herederos de Dolores Aguado Castellanos se separan prosiguiendo la tradici\u00f3n y actividad de la fabricaci\u00f3n de mazapanes Jos\u00e9 Barroso Aguado hasta su fallecimiento en 1976.<\/p>\n<p>&nbsp;<\/p>\n<p>&nbsp;<\/p>\n<p>A partir de ese mismo a\u00f1o, 1976, asume su actividad de la misma, su \u00fanico heredero, Jos\u00e9 Barroso Mart\u00edn, regente de la actividad, cambiando su denominaci\u00f3n social a Mazapanes Barroso S.L., como al d\u00eda de hoy se conoce, al igual que\u00a0 su ubicaci\u00f3n a Ol\u00edas del Rey &#8211; Toledo -, donde se encuentra en la actualidad,\u00a0 manteniendo el mismo car\u00e1cter artesanal, tradicional, calidad y personal que le precede generaci\u00f3n tras generaci\u00f3n desde sus or\u00edgenes en el arte de la fabricaci\u00f3n de este dulce tan t\u00edpico de nuestra Ciudad Imperial, Toledo, como es el mazap\u00e1n.<\/p>\n<p>Por su antig\u00fcedad, Empresa pionera en la fabricaci\u00f3n de Mazap\u00e1n, manteniendo siempre la tradici\u00f3n en su elaboraci\u00f3n con la misma t\u00e9cnica y formulaci\u00f3n artesanal de sus antepasados y misma calidad de este dulce, t\u00edpico de Toledo, que nos distingue desde nuestros or\u00edgenes en el proceso de producci\u00f3n tradicional de los maestros artesanos que la han mantenido a lo largo de su historia y que sigue manteniendo en la generaci\u00f3n presente a manos de Jos\u00e9 Barroso Mart\u00edn y en venideras generaciones con sus hijos Jos\u00e9 y Juan Barroso Moreno.<\/p>\n\r\n\t\t<\/div>\r\n\t<\/div>\r\n<\/div><\/div><\/div><div class=\"w-tabs-section\" id=\"1567680382005-1344f5e8-791e\"><a href=\"#1567680382005-1344f5e8-791e\" class=\"w-tabs-section-header\"><div class=\"w-tabs-section-header-h\"><div class=\"w-tabs-section-title\">Or\u00edgenes<\/div><div class=\"w-tabs-section-control\"><\/div><\/div><\/a><div class=\"w-tabs-section-content\"><div class=\"w-tabs-section-content-h i-cf\"><div class=\"g-cols wpb_row  type_default valign_top vc_inner \"><div class=\"vc_col-sm-12 wpb_column vc_column_container\"><div class=\"vc_column-inner\"><div class=\"wpb_wrapper\">\r\n\t<div class=\"wpb_text_column \">\r\n\t\t<div class=\"wpb_wrapper\">\r\n\t\t\t<div>\n<h3><strong>Origen del Mazap\u00e1n<\/strong><\/h3>\n<p><img loading=\"lazy\" class=\" wp-image-255 alignleft\" src=\"https:\/\/www.mazapanesbarroso.com\/blog\/wp-content\/uploads\/2019\/09\/origenes-del-mazapan.jpg\" alt=\"origenes del mazapan\" width=\"309\" height=\"190\" \/>La aparici\u00f3n del mazap\u00e1n tiene lugar en el siglo IX, entre los a\u00f1os 850 y 900 aunque su divulgaci\u00f3n se demora hasta dos siglos despu\u00e9s. En 1150 siendo rey de Castilla, Le\u00f3n y Galicia Alfonso VII \u201cEl Emperador\u201d se celebran las fiestas en Toledo, en las que se cita el mazap\u00e1n como POSTRE REGIO en la descripci\u00f3n gastron\u00f3mica de los cronistas.(\u201cEl Alc\u00e1zar\u201d 23-XII-1973\u201d).<\/p>\n<p>En los a\u00f1os de Miramamol\u00edn, Sancho \u201cEl Fuerte\u201d y Alfonso VIII, all\u00e1 por la primera mitad del siglo XIII, las religiosas del Monasterio de San Clemente el Real, para paliar las vicisitudes acaecidas tras la Batalla de Las Navas de Tolosa (1212), trabajan esta pasta tan agradable de comer y que se puede conservar durante varios meses. Este ser\u00eda el origen del mazap\u00e1n.<\/p>\n<p>&nbsp;<\/p>\n<\/div>\n\r\n\t\t<\/div>\r\n\t<\/div>\r\n<\/div><\/div><\/div><\/div><\/div><\/div><\/div><\/div><\/div><\/div><\/div><\/div><\/div><\/div><\/div><\/section>\n","protected":false},"excerpt":{"rendered":"LA EMPRESA EmpresaOr\u00edgenesEmpresa Historia de Mazapanes Barroso &nbsp; Su actividad de fabricaci\u00f3n de mazapanes\u00a0 comienza a mediados del siglo XIX bajo la direcci\u00f3n de Santiago Camarasa, ubicada en el casco antiguo de Toledo, en calle Nu\u00f1ez de\u00a0 Arce n\u00fam. 12, conocida como La\u00a0 Casa de la Moneda de Toledo, actual sede del Consejo Consultivo de...","protected":false},"author":1,"featured_media":0,"parent":0,"menu_order":0,"comment_status":"closed","ping_status":"closed","template":"","meta":[],"yoast_head":"<!-- This site is optimized with the Yoast SEO plugin v17.1 - https:\/\/yoast.com\/wordpress\/plugins\/seo\/ -->\n<title>F\u00e1brica de Mazapanes Artesanales Toledanos | Con\u00f3cenos<\/title>\n<meta name=\"description\" content=\"Conoce a la empresa de mazapanes artesanales toledanos galardonada con el premio Gastro&amp;Cia &quot;Mejor f\u00e1brica de mazapanes artesanales&quot;\" \/>\n<meta name=\"robots\" content=\"index, follow, max-snippet:-1, max-image-preview:large, max-video-preview:-1\" \/>\n<link rel=\"canonical\" href=\"https:\/\/www.mazapanesbarroso.com\/blog\/empresa\/\" \/>\n<meta property=\"og:locale\" content=\"es_ES\" \/>\n<meta property=\"og:type\" content=\"article\" \/>\n<meta property=\"og:title\" content=\"F\u00e1brica de Mazapanes Artesanales Toledanos | Con\u00f3cenos\" \/>\n<meta property=\"og:description\" content=\"Conoce a la empresa de mazapanes artesanales toledanos galardonada con el premio Gastro&amp;Cia &quot;Mejor f\u00e1brica de mazapanes artesanales&quot;\" \/>\n<meta property=\"og:url\" content=\"https:\/\/www.mazapanesbarroso.com\/blog\/empresa\/\" \/>\n<meta property=\"og:site_name\" content=\"Mazapanes Barroso\" \/>\n<meta property=\"article:modified_time\" content=\"2020-01-30T12:06:16+00:00\" \/>\n<meta property=\"og:image\" content=\"https:\/\/www.mazapanesbarroso.com\/blog\/wp-content\/uploads\/2019\/09\/fotografia-fabrica-nu\u00f1ez-de-Arce-300x300.jpg\" \/>\n<meta name=\"twitter:card\" content=\"summary_large_image\" \/>\n<meta name=\"twitter:label1\" content=\"Tiempo de lectura\" \/>\n\t<meta name=\"twitter:data1\" content=\"3 minutos\" \/>\n<script type=\"application\/ld+json\" class=\"yoast-schema-graph\">{\"@context\":\"https:\/\/schema.org\",\"@graph\":[{\"@type\":\"WebSite\",\"@id\":\"https:\/\/www.mazapanesbarroso.com\/blog\/#website\",\"url\":\"https:\/\/www.mazapanesbarroso.com\/blog\/\",\"name\":\"Mazapanes Barroso\",\"description\":\"Venta de Mazapanes al por mayor\",\"potentialAction\":[{\"@type\":\"SearchAction\",\"target\":{\"@type\":\"EntryPoint\",\"urlTemplate\":\"https:\/\/www.mazapanesbarroso.com\/blog\/?s={search_term_string}\"},\"query-input\":\"required name=search_term_string\"}],\"inLanguage\":\"es\"},{\"@type\":\"ImageObject\",\"@id\":\"https:\/\/www.mazapanesbarroso.com\/blog\/empresa\/#primaryimage\",\"inLanguage\":\"es\",\"url\":\"https:\/\/www.mazapanesbarroso.com\/blog\/wp-content\/uploads\/2019\/09\/fotografia-fabrica-nu\\u00f1ez-de-Arce-300x300.jpg\",\"contentUrl\":\"https:\/\/www.mazapanesbarroso.com\/blog\/wp-content\/uploads\/2019\/09\/fotografia-fabrica-nu\\u00f1ez-de-Arce-300x300.jpg\"},{\"@type\":\"WebPage\",\"@id\":\"https:\/\/www.mazapanesbarroso.com\/blog\/empresa\/#webpage\",\"url\":\"https:\/\/www.mazapanesbarroso.com\/blog\/empresa\/\",\"name\":\"F\\u00e1brica de Mazapanes Artesanales Toledanos | Con\\u00f3cenos\",\"isPartOf\":{\"@id\":\"https:\/\/www.mazapanesbarroso.com\/blog\/#website\"},\"primaryImageOfPage\":{\"@id\":\"https:\/\/www.mazapanesbarroso.com\/blog\/empresa\/#primaryimage\"},\"datePublished\":\"2019-09-05T09:22:58+00:00\",\"dateModified\":\"2020-01-30T12:06:16+00:00\",\"description\":\"Conoce a la empresa de mazapanes artesanales toledanos galardonada con el premio Gastro&Cia \\\"Mejor f\\u00e1brica de mazapanes artesanales\\\"\",\"breadcrumb\":{\"@id\":\"https:\/\/www.mazapanesbarroso.com\/blog\/empresa\/#breadcrumb\"},\"inLanguage\":\"es\",\"potentialAction\":[{\"@type\":\"ReadAction\",\"target\":[\"https:\/\/www.mazapanesbarroso.com\/blog\/empresa\/\"]}]},{\"@type\":\"BreadcrumbList\",\"@id\":\"https:\/\/www.mazapanesbarroso.com\/blog\/empresa\/#breadcrumb\",\"itemListElement\":[{\"@type\":\"ListItem\",\"position\":1,\"name\":\"Portada\",\"item\":\"https:\/\/www.mazapanesbarroso.com\/blog\/\"},{\"@type\":\"ListItem\",\"position\":2,\"name\":\"Empresa\"}]}]}<\/script>\n<!-- \/ Yoast SEO plugin. -->","yoast_head_json":{"title":"F\u00e1brica de Mazapanes Artesanales Toledanos | Con\u00f3cenos","description":"Conoce a la empresa de mazapanes artesanales toledanos galardonada con el premio Gastro&Cia \"Mejor f\u00e1brica de mazapanes artesanales\"","robots":{"index":"index","follow":"follow","max-snippet":"max-snippet:-1","max-image-preview":"max-image-preview:large","max-video-preview":"max-video-preview:-1"},"canonical":"https:\/\/www.mazapanesbarroso.com\/blog\/empresa\/","og_locale":"es_ES","og_type":"article","og_title":"F\u00e1brica de Mazapanes Artesanales Toledanos | Con\u00f3cenos","og_description":"Conoce a la empresa de mazapanes artesanales toledanos galardonada con el premio Gastro&Cia \"Mejor f\u00e1brica de mazapanes artesanales\"","og_url":"https:\/\/www.mazapanesbarroso.com\/blog\/empresa\/","og_site_name":"Mazapanes Barroso","article_modified_time":"2020-01-30T12:06:16+00:00","og_image":[{"url":"https:\/\/www.mazapanesbarroso.com\/blog\/wp-content\/uploads\/2019\/09\/fotografia-fabrica-nu\u00f1ez-de-Arce-300x300.jpg"}],"twitter_card":"summary_large_image","twitter_misc":{"Tiempo de lectura":"3 minutos"},"schema":{"@context":"https:\/\/schema.org","@graph":[{"@type":"WebSite","@id":"https:\/\/www.mazapanesbarroso.com\/blog\/#website","url":"https:\/\/www.mazapanesbarroso.com\/blog\/","name":"Mazapanes Barroso","description":"Venta de Mazapanes al por mayor","potentialAction":[{"@type":"SearchAction","target":{"@type":"EntryPoint","urlTemplate":"https:\/\/www.mazapanesbarroso.com\/blog\/?s={search_term_string}"},"query-input":"required name=search_term_string"}],"inLanguage":"es"},{"@type":"ImageObject","@id":"https:\/\/www.mazapanesbarroso.com\/blog\/empresa\/#primaryimage","inLanguage":"es","url":"https:\/\/www.mazapanesbarroso.com\/blog\/wp-content\/uploads\/2019\/09\/fotografia-fabrica-nu\u00f1ez-de-Arce-300x300.jpg","contentUrl":"https:\/\/www.mazapanesbarroso.com\/blog\/wp-content\/uploads\/2019\/09\/fotografia-fabrica-nu\u00f1ez-de-Arce-300x300.jpg"},{"@type":"WebPage","@id":"https:\/\/www.mazapanesbarroso.com\/blog\/empresa\/#webpage","url":"https:\/\/www.mazapanesbarroso.com\/blog\/empresa\/","name":"F\u00e1brica de Mazapanes Artesanales Toledanos | Con\u00f3cenos","isPartOf":{"@id":"https:\/\/www.mazapanesbarroso.com\/blog\/#website"},"primaryImageOfPage":{"@id":"https:\/\/www.mazapanesbarroso.com\/blog\/empresa\/#primaryimage"},"datePublished":"2019-09-05T09:22:58+00:00","dateModified":"2020-01-30T12:06:16+00:00","description":"Conoce a la empresa de mazapanes artesanales toledanos galardonada con el premio Gastro&Cia \"Mejor f\u00e1brica de mazapanes artesanales\"","breadcrumb":{"@id":"https:\/\/www.mazapanesbarroso.com\/blog\/empresa\/#breadcrumb"},"inLanguage":"es","potentialAction":[{"@type":"ReadAction","target":["https:\/\/www.mazapanesbarroso.com\/blog\/empresa\/"]}]},{"@type":"BreadcrumbList","@id":"https:\/\/www.mazapanesbarroso.com\/blog\/empresa\/#breadcrumb","itemListElement":[{"@type":"ListItem","position":1,"name":"Portada","item":"https:\/\/www.mazapanesbarroso.com\/blog\/"},{"@type":"ListItem","position":2,"name":"Empresa"}]}]}},"_links":{"self":[{"href":"https:\/\/www.mazapanesbarroso.com\/blog\/wp-json\/wp\/v2\/pages\/69"}],"collection":[{"href":"https:\/\/www.mazapanesbarroso.com\/blog\/wp-json\/wp\/v2\/pages"}],"about":[{"href":"https:\/\/www.mazapanesbarroso.com\/blog\/wp-json\/wp\/v2\/types\/page"}],"author":[{"embeddable":true,"href":"https:\/\/www.mazapanesbarroso.com\/blog\/wp-json\/wp\/v2\/users\/1"}],"replies":[{"embeddable":true,"href":"https:\/\/www.mazapanesbarroso.com\/blog\/wp-json\/wp\/v2\/comments?post=69"}],"version-history":[{"count":48,"href":"https:\/\/www.mazapanesbarroso.com\/blog\/wp-json\/wp\/v2\/pages\/69\/revisions"}],"predecessor-version":[{"id":699,"href":"https:\/\/www.mazapanesbarroso.com\/blog\/wp-json\/wp\/v2\/pages\/69\/revisions\/699"}],"wp:attachment":[{"href":"https:\/\/www.mazapanesbarroso.com\/blog\/wp-json\/wp\/v2\/media?parent=69"}],"curies":[{"name":"wp","href":"https:\/\/api.w.org\/{rel}","templated":true}]}}